{"id":230,"date":"2021-05-12T12:07:14","date_gmt":"2021-05-12T12:07:14","guid":{"rendered":"https:\/\/vinoscantarina.es\/?page_id=230"},"modified":"2021-06-14T17:35:03","modified_gmt":"2021-06-14T17:35:03","slug":"wine-tourism-in-bierzo","status":"publish","type":"page","link":"https:\/\/vinoscantarina.es\/index.php\/en\/wine-tourism-in-bierzo\/","title":{"rendered":"Wine Tourism in Bierzo"},"content":{"rendered":"\n<p class=\"has-drop-cap\" id=\"h.faqq1fvqhy55\">Bierzo is a marvellous land waiting for you to visit us and experience best in class wine tourism activities. Our century-old vines are some of the regions&#8217;s multiple treasures: a heritage wich represents a natural, cultural and social inheritance. It is almost mandatory to get to know them and understand Bierzo while staying in the region, and of course also taste a few of our wines!<\/p>\n\n\n\n<p>We have prepared different activities to safely enjoy your stay with us in Bierzo:<\/p>\n\n\n\n<ul class=\"wp-block-list\"><li>Open air activities in a safe COVID protocol<\/li><li>Reduced groups up to 6 people (possibly more for a single family) <\/li><li>Of course your children and mascots can also enjoy the journey with us, just mention that while booking!<\/li><\/ul>\n\n\n\n<h3 class=\"wp-block-heading\" id=\"h.e28hkf75xtch\"><a href=\"https:\/\/www.vinoscantarina.es\/enoturismo#h.e28hkf75xtch\"><\/a>Would you like to have a great time while tasting our wines at Bierzo most beatiful vineyard?<\/h3>\n\n\n\n<div class=\"wp-block-columns is-layout-flex wp-container-core-columns-is-layout-9d6595d7 wp-block-columns-is-layout-flex\">\n<div class=\"wp-block-column is-layout-flow wp-block-column-is-layout-flow\">\n<h2 class=\"wp-block-heading\" id=\"h.emw3k7aif34k\"><strong>Wine Tasting at Vi\u00f1a de los Pinos<\/strong><\/h2>\n\n\n\n<p>We will be happy to show you our most iconic vineyard and taste a few of our wines:<\/p>\n\n\n\n<ul class=\"wp-block-list\"><li>Visit Vi\u00f1a de los Pinos, at <em>paraje <\/em>Las Gundi\u00f1as in Villafranca del Bierzo<\/li><li>You will learn about tradition, vineyards, local varieties in Bierzo<\/li><li><strong>Wine Tasting <\/strong>at La Caba\u00f1a de los Pinos (3 wines min.)<\/li><\/ul>\n\n\n\n<p>Duration 1h 30 mins aprox.<\/p>\n\n\n\n<p>Price: 20\u20ac\/person, m\u00ednimum 2 people, maximum 6 (ask for bigger families)<\/p>\n<\/div>\n\n\n\n<div class=\"wp-block-column is-layout-flow wp-block-column-is-layout-flow\">\n<figure class=\"wp-block-image size-large\"><img loading=\"lazy\" decoding=\"async\" width=\"960\" height=\"720\" src=\"https:\/\/vinoscantarina.es\/wp-content\/uploads\/2021\/05\/botellas_pinos.jpg\" alt=\"\" class=\"wp-image-59\" srcset=\"https:\/\/vinoscantarina.es\/wp-content\/uploads\/2021\/05\/botellas_pinos.jpg 960w, https:\/\/vinoscantarina.es\/wp-content\/uploads\/2021\/05\/botellas_pinos-300x225.jpg 300w, https:\/\/vinoscantarina.es\/wp-content\/uploads\/2021\/05\/botellas_pinos-768x576.jpg 768w, https:\/\/vinoscantarina.es\/wp-content\/uploads\/2021\/05\/botellas_pinos-350x263.jpg 350w\" sizes=\"auto, (max-width: 767px) 89vw, (max-width: 1000px) 54vw, (max-width: 1071px) 543px, 580px\" \/><\/figure>\n\n\n\n<p class=\"has-text-align-center has-vivid-green-cyan-color has-text-color has-medium-font-size\"><strong>Book below!!<\/strong><\/p>\n<\/div>\n<\/div>\n\n\n\n<hr class=\"wp-block-separator\"\/>\n\n\n\n<div class=\"wp-block-columns is-layout-flex wp-container-core-columns-is-layout-9d6595d7 wp-block-columns-is-layout-flex\">\n<div class=\"wp-block-column is-layout-flow wp-block-column-is-layout-flow\">\n<figure class=\"wp-block-image size-large\"><img loading=\"lazy\" decoding=\"async\" width=\"768\" height=\"1024\" src=\"https:\/\/vinoscantarina.es\/wp-content\/uploads\/2021\/05\/Cabana-y-Cielo-768x1024.jpg\" alt=\"\" class=\"wp-image-55\" srcset=\"https:\/\/vinoscantarina.es\/wp-content\/uploads\/2021\/05\/Cabana-y-Cielo-768x1024.jpg 768w, https:\/\/vinoscantarina.es\/wp-content\/uploads\/2021\/05\/Cabana-y-Cielo-225x300.jpg 225w, https:\/\/vinoscantarina.es\/wp-content\/uploads\/2021\/05\/Cabana-y-Cielo-350x467.jpg 350w, https:\/\/vinoscantarina.es\/wp-content\/uploads\/2021\/05\/Cabana-y-Cielo.jpg 960w\" sizes=\"auto, (max-width: 767px) 89vw, (max-width: 1000px) 54vw, (max-width: 1071px) 543px, 580px\" \/><\/figure>\n\n\n\n<p class=\"has-text-align-center has-vivid-green-cyan-color has-text-color has-medium-font-size\"><strong>Book below!! <\/strong><\/p>\n<\/div>\n\n\n\n<div class=\"wp-block-column is-layout-flow wp-block-column-is-layout-flow\">\n<h2 class=\"wp-block-heading\" id=\"h.ci6f0zd9gfgr\"><strong>Walk through Camino de Santiago and Wine Tasting at Caba\u00f1a de los Pinos<\/strong><\/h2>\n\n\n\n<p>A great journey walking alongside pilgrims through Way of St James plus a special wine tasting:<\/p>\n\n\n\n<ul class=\"wp-block-list\"><li>Meeting point and introduction in Villafranca del Bierzo<\/li><li>Walk through <strong>Camino de Santiago<\/strong> to Vi\u00f1a de los Pinos (around 3 Km, easy with addecuate shoes)<\/li><li>Tour around the vineyards at Paraje de Las Gundi\u00f1as<\/li><li><strong>Special Wine Tasting<\/strong> at Caba\u00f1a de los Pinos (5 wines and local food)<\/li><\/ul>\n\n\n\n<p>Duration 2h 30 mins aprox.<\/p>\n\n\n\n<p>Price 50\u20ac\/person, minimum 2 people, maximum 6 (ask for bigger families)<\/p>\n<\/div>\n<\/div>\n\n\n\n<div class=\"wp-block-bookly-form\"><!--\nPlugin Name: Bookly - Responsive WordPress Appointment Booking and Scheduling Plugin\nPlugin URI: https:\/\/www.booking-wp-plugin.com\/?utm_source=bookly_admin&utm_medium=plugins_page&utm_campaign=plugins_page\nVersion: 27.5-->\n<style type=\"text\/css\">\n    :root {\n        --bookly-main-color: #f4662f !important;\n        --bookly-color: #f4662f !important;\n    }\n\n    <\/style><div class=\"bookly-css-root\">\n    <div id=\"bookly-form-container-69ef6deb1c07b\" class=\"bookly-form\" data-form_id=\"\" aria-live=\"polite\">\n        <div style=\"text-align: center\"><img decoding=\"async\" src=\"https:\/\/vinoscantarina.es\/wp-includes\/js\/tinymce\/skins\/lightgray\/img\/loader.gif\" alt=\"Cargando ...\"\/><\/div>\n    <\/div>\n<\/div>\n<script type=\"text\/javascript\">\n    (function (win, fn) {\n        var done = false, top = true,\n            doc = win.document,\n            root = doc.documentElement,\n            modern = doc.addEventListener,\n            add = modern ? 'addEventListener' : 'attachEvent',\n            rem = modern ? 'removeEventListener' : 'detachEvent',\n            pre = modern ? '' : 'on',\n            init = function (e) {\n                if (e.type == 'readystatechange') if (doc.readyState != 'complete') return;\n                (e.type == 'load' ? win : doc)[rem](pre + e.type, init, false);\n                if (!done) {\n                    done = true;\n                    fn.call(win, e.type || e);\n                }\n            },\n            poll = function () {\n                try {\n                    root.doScroll('left');\n                } catch (e) {\n                    setTimeout(poll, 50);\n                    return;\n                }\n                init('poll');\n            };\n        if (doc.readyState == 'complete') fn.call(win, 'lazy');\n        else {\n            if (!modern) if (root.doScroll) {\n                try {\n                    top = !win.frameElement;\n                } catch (e) {\n                }\n                if (top) poll();\n            }\n            doc[add](pre + 'DOMContentLoaded', init, false);\n            doc[add](pre + 'readystatechange', init, false);\n            win[add](pre + 'load', init, false);\n        }\n    })(window, function () {\n        window.bookly( {\"form_id\":\"69ef6deb1c07b\",\"form_data\":{\"skip_service_step\":0,\"hide_service_part1\":0,\"hide_service_part2\":0,\"defaults\":{\"service_id\":0,\"staff_id\":0,\"location_id\":0,\"category_id\":0,\"units\":0,\"date_from\":0,\"time_from\":0,\"time_to\":0}},\"status\":{\"booking\":\"new\"},\"form_token\":null,\"skip_steps\":{\"service_part1\":0,\"service_part2\":0,\"extras\":1,\"time\":0,\"repeat\":1,\"cart\":1},\"errors\":{\"session_error\":\"Error de sesi\\u00f3n.\",\"form_id_error\":\"Error Identificaci\\u00f3n formulario.\",\"cart_item_not_available\":\"La hora seleccionada ya no est\\u00e1 disponible. Por favor elije otra ranura de hora.\",\"pay_locally_not_available\":\"Pagu\\u00e9 no est\\u00e1 disponible.\",\"invalid_gateway\":\"Puerta de enlace no es v\\u00e1lido.\",\"payment_error\":\"Error.\",\"incorrect_username_password\":\"Nombre de usuario o contrase\\u00f1a incorrectos.\"},\"form_attributes\":{\"hide_categories\":false,\"hide_services\":false,\"hide_staff_members\":false,\"show_number_of_persons\":false,\"hide_service_duration\":true,\"hide_locations\":true,\"hide_quantity\":true,\"hide_date\":false,\"hide_week_days\":false,\"hide_time_range\":false},\"use_client_time_zone\":0,\"defaults\":{\"service_id\":0,\"staff_id\":0,\"location_id\":0,\"category_id\":0},\"datepicker_mode\":\"text-accent\"} );\n    });\n<\/script><\/div>\n","protected":false},"excerpt":{"rendered":"<p>Bierzo is a marvellous land waiting for you to visit us and experience best in class wine tourism activities. Our century-old vines are some of the regions&#8217;s multiple treasures: a heritage wich represents a natural, cultural and social inheritance. It is almost mandatory to get to know them and understand Bierzo while staying in the &hellip; <\/p>\n<p class=\"link-more\"><a href=\"https:\/\/vinoscantarina.es\/index.php\/en\/wine-tourism-in-bierzo\/\" class=\"more-link\">Continuar leyendo<span class=\"screen-reader-text\"> \u00abWine Tourism in Bierzo\u00bb<\/span><\/a><\/p>\n","protected":false},"author":1,"featured_media":59,"parent":0,"menu_order":0,"comment_status":"closed","ping_status":"closed","template":"","meta":{"footnotes":""},"class_list":["post-230","page","type-page","status-publish","has-post-thumbnail","hentry"],"yoast_head":"<!-- This site is optimized with the Yoast SEO plugin v27.4 - https:\/\/yoast.com\/product\/yoast-seo-wordpress\/ -->\n<title>Wine Tourism in Bierzo - Cantari\u00f1a Vinos de Familia<\/title>\n<meta name=\"description\" content=\"Enoturismo en El Bierzo, Visitas a Bodegas, catas, vi\u00f1edo, actividades naturaleza, aire libre, vino, vi\u00f1as visitas guiadas grupos\" \/>\n<meta name=\"robots\" content=\"index, follow, max-snippet:-1, max-image-preview:large, max-video-preview:-1\" \/>\n<link rel=\"canonical\" href=\"https:\/\/vinoscantarina.es\/index.php\/en\/wine-tourism-in-bierzo\/\" \/>\n<meta property=\"og:locale\" content=\"es_ES\" \/>\n<meta property=\"og:type\" content=\"article\" \/>\n<meta property=\"og:title\" content=\"Wine Tourism in Bierzo - Cantari\u00f1a Vinos de Familia\" \/>\n<meta property=\"og:description\" content=\"Enoturismo en El Bierzo, Visitas a Bodegas, catas, vi\u00f1edo, actividades naturaleza, aire libre, vino, vi\u00f1as visitas guiadas grupos\" \/>\n<meta property=\"og:url\" content=\"https:\/\/vinoscantarina.es\/index.php\/en\/wine-tourism-in-bierzo\/\" \/>\n<meta property=\"og:site_name\" content=\"Cantari\u00f1a Vinos de Familia\" \/>\n<meta property=\"article:modified_time\" content=\"2021-06-14T17:35:03+00:00\" \/>\n<meta property=\"og:image\" content=\"https:\/\/vinoscantarina.es\/wp-content\/uploads\/2021\/05\/botellas_pinos.jpg\" \/>\n\t<meta property=\"og:image:width\" content=\"960\" \/>\n\t<meta property=\"og:image:height\" content=\"720\" \/>\n\t<meta property=\"og:image:type\" content=\"image\/jpeg\" \/>\n<meta name=\"twitter:label1\" content=\"Tiempo de lectura\" \/>\n\t<meta name=\"twitter:data1\" content=\"2 minutos\" \/>\n<script type=\"application\/ld+json\" class=\"yoast-schema-graph\">{\"@context\":\"https:\\\/\\\/schema.org\",\"@graph\":[{\"@type\":\"WebPage\",\"@id\":\"https:\\\/\\\/vinoscantarina.es\\\/index.php\\\/en\\\/wine-tourism-in-bierzo\\\/\",\"url\":\"https:\\\/\\\/vinoscantarina.es\\\/index.php\\\/en\\\/wine-tourism-in-bierzo\\\/\",\"name\":\"Wine Tourism in Bierzo - Cantari\u00f1a Vinos de Familia\",\"isPartOf\":{\"@id\":\"https:\\\/\\\/vinoscantarina.es\\\/#website\"},\"primaryImageOfPage\":{\"@id\":\"https:\\\/\\\/vinoscantarina.es\\\/index.php\\\/en\\\/wine-tourism-in-bierzo\\\/#primaryimage\"},\"image\":{\"@id\":\"https:\\\/\\\/vinoscantarina.es\\\/index.php\\\/en\\\/wine-tourism-in-bierzo\\\/#primaryimage\"},\"thumbnailUrl\":\"https:\\\/\\\/vinoscantarina.es\\\/wp-content\\\/uploads\\\/2021\\\/05\\\/botellas_pinos.jpg\",\"datePublished\":\"2021-05-12T12:07:14+00:00\",\"dateModified\":\"2021-06-14T17:35:03+00:00\",\"description\":\"Enoturismo en El Bierzo, Visitas a Bodegas, catas, vi\u00f1edo, actividades naturaleza, aire libre, vino, vi\u00f1as visitas guiadas grupos\",\"breadcrumb\":{\"@id\":\"https:\\\/\\\/vinoscantarina.es\\\/index.php\\\/en\\\/wine-tourism-in-bierzo\\\/#breadcrumb\"},\"inLanguage\":\"es\",\"potentialAction\":[{\"@type\":\"ReadAction\",\"target\":[\"https:\\\/\\\/vinoscantarina.es\\\/index.php\\\/en\\\/wine-tourism-in-bierzo\\\/\"]}]},{\"@type\":\"ImageObject\",\"inLanguage\":\"es\",\"@id\":\"https:\\\/\\\/vinoscantarina.es\\\/index.php\\\/en\\\/wine-tourism-in-bierzo\\\/#primaryimage\",\"url\":\"https:\\\/\\\/vinoscantarina.es\\\/wp-content\\\/uploads\\\/2021\\\/05\\\/botellas_pinos.jpg\",\"contentUrl\":\"https:\\\/\\\/vinoscantarina.es\\\/wp-content\\\/uploads\\\/2021\\\/05\\\/botellas_pinos.jpg\",\"width\":960,\"height\":720},{\"@type\":\"BreadcrumbList\",\"@id\":\"https:\\\/\\\/vinoscantarina.es\\\/index.php\\\/en\\\/wine-tourism-in-bierzo\\\/#breadcrumb\",\"itemListElement\":[{\"@type\":\"ListItem\",\"position\":1,\"name\":\"Portada\",\"item\":\"https:\\\/\\\/vinoscantarina.es\\\/\"},{\"@type\":\"ListItem\",\"position\":2,\"name\":\"Wine Tourism in Bierzo\"}]},{\"@type\":\"WebSite\",\"@id\":\"https:\\\/\\\/vinoscantarina.es\\\/#website\",\"url\":\"https:\\\/\\\/vinoscantarina.es\\\/\",\"name\":\"Cantari\u00f1a Vinos de Familia\",\"description\":\"Vinos del Bierzo, Vinos para Disfrutar\",\"publisher\":{\"@id\":\"https:\\\/\\\/vinoscantarina.es\\\/#organization\"},\"potentialAction\":[{\"@type\":\"SearchAction\",\"target\":{\"@type\":\"EntryPoint\",\"urlTemplate\":\"https:\\\/\\\/vinoscantarina.es\\\/?s={search_term_string}\"},\"query-input\":{\"@type\":\"PropertyValueSpecification\",\"valueRequired\":true,\"valueName\":\"search_term_string\"}}],\"inLanguage\":\"es\"},{\"@type\":\"Organization\",\"@id\":\"https:\\\/\\\/vinoscantarina.es\\\/#organization\",\"name\":\"Cantari\u00f1a Vinos de Familia\",\"url\":\"https:\\\/\\\/vinoscantarina.es\\\/\",\"logo\":{\"@type\":\"ImageObject\",\"inLanguage\":\"es\",\"@id\":\"https:\\\/\\\/vinoscantarina.es\\\/#\\\/schema\\\/logo\\\/image\\\/\",\"url\":\"https:\\\/\\\/vinoscantarina.es\\\/wp-content\\\/uploads\\\/2021\\\/05\\\/cropped-Cantarina.png\",\"contentUrl\":\"https:\\\/\\\/vinoscantarina.es\\\/wp-content\\\/uploads\\\/2021\\\/05\\\/cropped-Cantarina.png\",\"width\":250,\"height\":250,\"caption\":\"Cantari\u00f1a Vinos de Familia\"},\"image\":{\"@id\":\"https:\\\/\\\/vinoscantarina.es\\\/#\\\/schema\\\/logo\\\/image\\\/\"}}]}<\/script>\n<!-- \/ Yoast SEO plugin. -->","yoast_head_json":{"title":"Wine Tourism in Bierzo - Cantari\u00f1a Vinos de Familia","description":"Enoturismo en El Bierzo, Visitas a Bodegas, catas, vi\u00f1edo, actividades naturaleza, aire libre, vino, vi\u00f1as visitas guiadas grupos","robots":{"index":"index","follow":"follow","max-snippet":"max-snippet:-1","max-image-preview":"max-image-preview:large","max-video-preview":"max-video-preview:-1"},"canonical":"https:\/\/vinoscantarina.es\/index.php\/en\/wine-tourism-in-bierzo\/","og_locale":"es_ES","og_type":"article","og_title":"Wine Tourism in Bierzo - Cantari\u00f1a Vinos de Familia","og_description":"Enoturismo en El Bierzo, Visitas a Bodegas, catas, vi\u00f1edo, actividades naturaleza, aire libre, vino, vi\u00f1as visitas guiadas grupos","og_url":"https:\/\/vinoscantarina.es\/index.php\/en\/wine-tourism-in-bierzo\/","og_site_name":"Cantari\u00f1a Vinos de Familia","article_modified_time":"2021-06-14T17:35:03+00:00","og_image":[{"width":960,"height":720,"url":"https:\/\/vinoscantarina.es\/wp-content\/uploads\/2021\/05\/botellas_pinos.jpg","type":"image\/jpeg"}],"twitter_misc":{"Tiempo de lectura":"2 minutos"},"schema":{"@context":"https:\/\/schema.org","@graph":[{"@type":"WebPage","@id":"https:\/\/vinoscantarina.es\/index.php\/en\/wine-tourism-in-bierzo\/","url":"https:\/\/vinoscantarina.es\/index.php\/en\/wine-tourism-in-bierzo\/","name":"Wine Tourism in Bierzo - Cantari\u00f1a Vinos de Familia","isPartOf":{"@id":"https:\/\/vinoscantarina.es\/#website"},"primaryImageOfPage":{"@id":"https:\/\/vinoscantarina.es\/index.php\/en\/wine-tourism-in-bierzo\/#primaryimage"},"image":{"@id":"https:\/\/vinoscantarina.es\/index.php\/en\/wine-tourism-in-bierzo\/#primaryimage"},"thumbnailUrl":"https:\/\/vinoscantarina.es\/wp-content\/uploads\/2021\/05\/botellas_pinos.jpg","datePublished":"2021-05-12T12:07:14+00:00","dateModified":"2021-06-14T17:35:03+00:00","description":"Enoturismo en El Bierzo, Visitas a Bodegas, catas, vi\u00f1edo, actividades naturaleza, aire libre, vino, vi\u00f1as visitas guiadas grupos","breadcrumb":{"@id":"https:\/\/vinoscantarina.es\/index.php\/en\/wine-tourism-in-bierzo\/#breadcrumb"},"inLanguage":"es","potentialAction":[{"@type":"ReadAction","target":["https:\/\/vinoscantarina.es\/index.php\/en\/wine-tourism-in-bierzo\/"]}]},{"@type":"ImageObject","inLanguage":"es","@id":"https:\/\/vinoscantarina.es\/index.php\/en\/wine-tourism-in-bierzo\/#primaryimage","url":"https:\/\/vinoscantarina.es\/wp-content\/uploads\/2021\/05\/botellas_pinos.jpg","contentUrl":"https:\/\/vinoscantarina.es\/wp-content\/uploads\/2021\/05\/botellas_pinos.jpg","width":960,"height":720},{"@type":"BreadcrumbList","@id":"https:\/\/vinoscantarina.es\/index.php\/en\/wine-tourism-in-bierzo\/#breadcrumb","itemListElement":[{"@type":"ListItem","position":1,"name":"Portada","item":"https:\/\/vinoscantarina.es\/"},{"@type":"ListItem","position":2,"name":"Wine Tourism in Bierzo"}]},{"@type":"WebSite","@id":"https:\/\/vinoscantarina.es\/#website","url":"https:\/\/vinoscantarina.es\/","name":"Cantari\u00f1a Vinos de Familia","description":"Vinos del Bierzo, Vinos para Disfrutar","publisher":{"@id":"https:\/\/vinoscantarina.es\/#organization"},"potentialAction":[{"@type":"SearchAction","target":{"@type":"EntryPoint","urlTemplate":"https:\/\/vinoscantarina.es\/?s={search_term_string}"},"query-input":{"@type":"PropertyValueSpecification","valueRequired":true,"valueName":"search_term_string"}}],"inLanguage":"es"},{"@type":"Organization","@id":"https:\/\/vinoscantarina.es\/#organization","name":"Cantari\u00f1a Vinos de Familia","url":"https:\/\/vinoscantarina.es\/","logo":{"@type":"ImageObject","inLanguage":"es","@id":"https:\/\/vinoscantarina.es\/#\/schema\/logo\/image\/","url":"https:\/\/vinoscantarina.es\/wp-content\/uploads\/2021\/05\/cropped-Cantarina.png","contentUrl":"https:\/\/vinoscantarina.es\/wp-content\/uploads\/2021\/05\/cropped-Cantarina.png","width":250,"height":250,"caption":"Cantari\u00f1a Vinos de Familia"},"image":{"@id":"https:\/\/vinoscantarina.es\/#\/schema\/logo\/image\/"}}]}},"_links":{"self":[{"href":"https:\/\/vinoscantarina.es\/index.php\/wp-json\/wp\/v2\/pages\/230","targetHints":{"allow":["GET"]}}],"collection":[{"href":"https:\/\/vinoscantarina.es\/index.php\/wp-json\/wp\/v2\/pages"}],"about":[{"href":"https:\/\/vinoscantarina.es\/index.php\/wp-json\/wp\/v2\/types\/page"}],"author":[{"embeddable":true,"href":"https:\/\/vinoscantarina.es\/index.php\/wp-json\/wp\/v2\/users\/1"}],"replies":[{"embeddable":true,"href":"https:\/\/vinoscantarina.es\/index.php\/wp-json\/wp\/v2\/comments?post=230"}],"version-history":[{"count":3,"href":"https:\/\/vinoscantarina.es\/index.php\/wp-json\/wp\/v2\/pages\/230\/revisions"}],"predecessor-version":[{"id":332,"href":"https:\/\/vinoscantarina.es\/index.php\/wp-json\/wp\/v2\/pages\/230\/revisions\/332"}],"wp:featuredmedia":[{"embeddable":true,"href":"https:\/\/vinoscantarina.es\/index.php\/wp-json\/wp\/v2\/media\/59"}],"wp:attachment":[{"href":"https:\/\/vinoscantarina.es\/index.php\/wp-json\/wp\/v2\/media?parent=230"}],"curies":[{"name":"wp","href":"https:\/\/api.w.org\/{rel}","templated":true}]}}