{"id":250,"date":"2021-05-12T15:51:13","date_gmt":"2021-05-12T15:51:13","guid":{"rendered":"https:\/\/vinoscantarina.es\/?page_id=250"},"modified":"2025-01-28T12:52:58","modified_gmt":"2025-01-28T12:52:58","slug":"cantarina-3-el-triangulo-2018-2","status":"publish","type":"page","link":"https:\/\/vinoscantarina.es\/index.php\/en\/cantarina-3-el-triangulo-2018-2\/","title":{"rendered":"Cantari\u00f1a 3 El Tri\u00e1ngulo 2021"},"content":{"rendered":"\n<div class=\"wp-block-columns is-layout-flex wp-container-core-columns-is-layout-9d6595d7 wp-block-columns-is-layout-flex\">\n<div class=\"wp-block-column is-layout-flow wp-block-column-is-layout-flow\" style=\"flex-basis:33.33%\">\n<figure class=\"wp-block-image size-large\"><img loading=\"lazy\" decoding=\"async\" width=\"682\" height=\"1024\" src=\"https:\/\/vinoscantarina.es\/wp-content\/uploads\/2025\/01\/3-Cantarina-El-Triangulo-Photoroom-682x1024.png\" alt=\"\" class=\"wp-image-637\" srcset=\"https:\/\/vinoscantarina.es\/wp-content\/uploads\/2025\/01\/3-Cantarina-El-Triangulo-Photoroom-682x1024.png 682w, https:\/\/vinoscantarina.es\/wp-content\/uploads\/2025\/01\/3-Cantarina-El-Triangulo-Photoroom-200x300.png 200w, https:\/\/vinoscantarina.es\/wp-content\/uploads\/2025\/01\/3-Cantarina-El-Triangulo-Photoroom-768x1152.png 768w, https:\/\/vinoscantarina.es\/wp-content\/uploads\/2025\/01\/3-Cantarina-El-Triangulo-Photoroom.png 853w\" sizes=\"auto, (max-width: 682px) 100vw, 682px\" \/><\/figure>\n<\/div>\n\n\n\n<div class=\"wp-block-column is-layout-flow wp-block-column-is-layout-flow\" style=\"flex-basis:66.66%\">\n<p class=\"has-drop-cap\" style=\"font-size:25px\"><small><small><small>Covering only 1\/4 of hectare, the unique soil and different orientation give a very special profile that deserves to be separated from the rest of Vi\u00f1a de los Pinos. Due to that triangular shape of the plot, as much as we could look for another surname for this Cantari\u00f1a 3 wine, there was no real alternative option than using the only name we have ever called it by.<\/small><\/small><\/small><\/p>\n\n\n\n<p class=\"has-drop-cap\" style=\"font-size:25px\"><small><small><small>A very special wine, with a potential long ageing capacity&#8230; and unfortunately very scarce. A true triangle of forces.<\/small><\/small><\/small><\/p>\n<\/div>\n<\/div>\n\n\n\n<div class=\"wp-block-cover is-light\"><span aria-hidden=\"true\" class=\"wp-block-cover__background has-white-background-color has-background-dim-20 has-background-dim\"><\/span><img loading=\"lazy\" decoding=\"async\" width=\"2560\" height=\"1920\" class=\"wp-block-cover__image-background wp-image-251\" alt=\"\" src=\"https:\/\/vinoscantarina.es\/wp-content\/uploads\/2021\/05\/IMG_6673-scaled.jpg\" style=\"object-position:71% 3%\" data-object-fit=\"cover\" data-object-position=\"71% 3%\" srcset=\"https:\/\/vinoscantarina.es\/wp-content\/uploads\/2021\/05\/IMG_6673-scaled.jpg 2560w, https:\/\/vinoscantarina.es\/wp-content\/uploads\/2021\/05\/IMG_6673-300x225.jpg 300w, https:\/\/vinoscantarina.es\/wp-content\/uploads\/2021\/05\/IMG_6673-1024x768.jpg 1024w, https:\/\/vinoscantarina.es\/wp-content\/uploads\/2021\/05\/IMG_6673-768x576.jpg 768w, https:\/\/vinoscantarina.es\/wp-content\/uploads\/2021\/05\/IMG_6673-1536x1152.jpg 1536w, https:\/\/vinoscantarina.es\/wp-content\/uploads\/2021\/05\/IMG_6673-2048x1536.jpg 2048w\" sizes=\"auto, (max-width: 767px) 89vw, (max-width: 1000px) 54vw, (max-width: 1071px) 543px, 580px\" \/><div class=\"wp-block-cover__inner-container is-layout-flow wp-block-cover-is-layout-flow\">\n<ul style=\"font-size:14px\" class=\"wp-block-list has-white-color has-text-color\">\n<li>Technical information<ul><li>Site: El Tri\u00e1ngulo (Vi\u00f1a de los Pinos)<\/li><\/ul>\n<ul class=\"wp-block-list\">\n<li>95% Menc\u00eda, 5% others (Palomino)<\/li>\n\n\n\n<li>Soil: Sand and clay with broken slate and limestone<\/li>\n\n\n\n<li>Orientation: West<\/li>\n\n\n\n<li>Altitude 575 m.<\/li>\n\n\n\n<li>12 months in used 500 l French oak casks<\/li>\n\n\n\n<li>alc. by Vol.: 13.0\u00ba<\/li>\n\n\n\n<li>1279 bottles<\/li>\n<\/ul>\n<\/li>\n<\/ul>\n\n\n\n<p class=\"has-text-align-right has-white-color has-text-color has-normal-font-size\"><strong>Tasting Notes<\/strong> El Tri\u00e1ngulo 2021<\/p>\n\n\n\n<p class=\"has-text-align-right has-white-color has-text-color has-normal-font-size\">Tim Atkin 94 points:<\/p>\n\n\n\n<p class=\"has-text-align-right has-white-color has-text-color has-normal-font-size\"><em>\u00abIt is a very honest and frank interpretation of the vineyard with sweet red cherry fruit and rose petal. It spends around 12 months in used 500L French oak and tannins are a little tacky, bringing some structure and grunt to this otherwise very fine, elegant red\u00bb<\/em>.<\/p>\n<\/div><\/div>\n","protected":false},"excerpt":{"rendered":"<p>Covering only 1\/4 of hectare, the unique soil and different orientation give a very special profile that deserves to be separated from the rest of Vi\u00f1a de los Pinos. Due to that triangular shape of the plot, as much as we could look for another surname for this Cantari\u00f1a 3 wine, there was no real &hellip; <\/p>\n<p class=\"link-more\"><a href=\"https:\/\/vinoscantarina.es\/index.php\/en\/cantarina-3-el-triangulo-2018-2\/\" class=\"more-link\">Continuar leyendo<span class=\"screen-reader-text\"> \u00abCantari\u00f1a 3 El Tri\u00e1ngulo 2021\u00bb<\/span><\/a><\/p>\n","protected":false},"author":1,"featured_media":0,"parent":0,"menu_order":0,"comment_status":"closed","ping_status":"closed","template":"","meta":{"footnotes":""},"class_list":["post-250","page","type-page","status-publish","hentry"],"yoast_head":"<!-- This site is optimized with the Yoast SEO plugin v27.4 - https:\/\/yoast.com\/product\/yoast-seo-wordpress\/ -->\n<title>Cantari\u00f1a 3 El Tri\u00e1ngulo 2021 - Cantari\u00f1a Vinos de Familia<\/title>\n<meta name=\"robots\" content=\"index, follow, max-snippet:-1, max-image-preview:large, max-video-preview:-1\" \/>\n<link rel=\"canonical\" href=\"https:\/\/vinoscantarina.es\/index.php\/en\/cantarina-3-el-triangulo-2018-2\/\" \/>\n<meta property=\"og:locale\" content=\"es_ES\" \/>\n<meta property=\"og:type\" content=\"article\" \/>\n<meta property=\"og:title\" content=\"Cantari\u00f1a 3 El Tri\u00e1ngulo 2021 - Cantari\u00f1a Vinos de Familia\" \/>\n<meta property=\"og:description\" content=\"Covering only 1\/4 of hectare, the unique soil and different orientation give a very special profile that deserves to be separated from the rest of Vi\u00f1a de los Pinos. Due to that triangular shape of the plot, as much as we could look for another surname for this Cantari\u00f1a 3 wine, there was no real &hellip; Continuar leyendo &quot;Cantari\u00f1a 3 El Tri\u00e1ngulo 2021&quot;\" \/>\n<meta property=\"og:url\" content=\"https:\/\/vinoscantarina.es\/index.php\/en\/cantarina-3-el-triangulo-2018-2\/\" \/>\n<meta property=\"og:site_name\" content=\"Cantari\u00f1a Vinos de Familia\" \/>\n<meta property=\"article:modified_time\" content=\"2025-01-28T12:52:58+00:00\" \/>\n<meta property=\"og:image\" content=\"https:\/\/vinoscantarina.es\/wp-content\/uploads\/2025\/01\/3-Cantarina-El-Triangulo-Photoroom.png\" \/>\n\t<meta property=\"og:image:width\" content=\"853\" \/>\n\t<meta property=\"og:image:height\" content=\"1280\" \/>\n\t<meta property=\"og:image:type\" content=\"image\/png\" \/>\n<meta name=\"twitter:label1\" content=\"Tiempo de lectura\" \/>\n\t<meta name=\"twitter:data1\" content=\"2 minutos\" \/>\n<script type=\"application\/ld+json\" class=\"yoast-schema-graph\">{\"@context\":\"https:\\\/\\\/schema.org\",\"@graph\":[{\"@type\":\"WebPage\",\"@id\":\"https:\\\/\\\/vinoscantarina.es\\\/index.php\\\/en\\\/cantarina-3-el-triangulo-2018-2\\\/\",\"url\":\"https:\\\/\\\/vinoscantarina.es\\\/index.php\\\/en\\\/cantarina-3-el-triangulo-2018-2\\\/\",\"name\":\"Cantari\u00f1a 3 El Tri\u00e1ngulo 2021 - Cantari\u00f1a Vinos de Familia\",\"isPartOf\":{\"@id\":\"https:\\\/\\\/vinoscantarina.es\\\/#website\"},\"primaryImageOfPage\":{\"@id\":\"https:\\\/\\\/vinoscantarina.es\\\/index.php\\\/en\\\/cantarina-3-el-triangulo-2018-2\\\/#primaryimage\"},\"image\":{\"@id\":\"https:\\\/\\\/vinoscantarina.es\\\/index.php\\\/en\\\/cantarina-3-el-triangulo-2018-2\\\/#primaryimage\"},\"thumbnailUrl\":\"https:\\\/\\\/vinoscantarina.es\\\/wp-content\\\/uploads\\\/2025\\\/01\\\/3-Cantarina-El-Triangulo-Photoroom-682x1024.png\",\"datePublished\":\"2021-05-12T15:51:13+00:00\",\"dateModified\":\"2025-01-28T12:52:58+00:00\",\"breadcrumb\":{\"@id\":\"https:\\\/\\\/vinoscantarina.es\\\/index.php\\\/en\\\/cantarina-3-el-triangulo-2018-2\\\/#breadcrumb\"},\"inLanguage\":\"es\",\"potentialAction\":[{\"@type\":\"ReadAction\",\"target\":[\"https:\\\/\\\/vinoscantarina.es\\\/index.php\\\/en\\\/cantarina-3-el-triangulo-2018-2\\\/\"]}]},{\"@type\":\"ImageObject\",\"inLanguage\":\"es\",\"@id\":\"https:\\\/\\\/vinoscantarina.es\\\/index.php\\\/en\\\/cantarina-3-el-triangulo-2018-2\\\/#primaryimage\",\"url\":\"https:\\\/\\\/vinoscantarina.es\\\/wp-content\\\/uploads\\\/2025\\\/01\\\/3-Cantarina-El-Triangulo-Photoroom.png\",\"contentUrl\":\"https:\\\/\\\/vinoscantarina.es\\\/wp-content\\\/uploads\\\/2025\\\/01\\\/3-Cantarina-El-Triangulo-Photoroom.png\",\"width\":853,\"height\":1280},{\"@type\":\"BreadcrumbList\",\"@id\":\"https:\\\/\\\/vinoscantarina.es\\\/index.php\\\/en\\\/cantarina-3-el-triangulo-2018-2\\\/#breadcrumb\",\"itemListElement\":[{\"@type\":\"ListItem\",\"position\":1,\"name\":\"Portada\",\"item\":\"https:\\\/\\\/vinoscantarina.es\\\/\"},{\"@type\":\"ListItem\",\"position\":2,\"name\":\"Cantari\u00f1a 3 El Tri\u00e1ngulo 2021\"}]},{\"@type\":\"WebSite\",\"@id\":\"https:\\\/\\\/vinoscantarina.es\\\/#website\",\"url\":\"https:\\\/\\\/vinoscantarina.es\\\/\",\"name\":\"Cantari\u00f1a Vinos de Familia\",\"description\":\"Vinos del Bierzo, Vinos para Disfrutar\",\"publisher\":{\"@id\":\"https:\\\/\\\/vinoscantarina.es\\\/#organization\"},\"potentialAction\":[{\"@type\":\"SearchAction\",\"target\":{\"@type\":\"EntryPoint\",\"urlTemplate\":\"https:\\\/\\\/vinoscantarina.es\\\/?s={search_term_string}\"},\"query-input\":{\"@type\":\"PropertyValueSpecification\",\"valueRequired\":true,\"valueName\":\"search_term_string\"}}],\"inLanguage\":\"es\"},{\"@type\":\"Organization\",\"@id\":\"https:\\\/\\\/vinoscantarina.es\\\/#organization\",\"name\":\"Cantari\u00f1a Vinos de Familia\",\"url\":\"https:\\\/\\\/vinoscantarina.es\\\/\",\"logo\":{\"@type\":\"ImageObject\",\"inLanguage\":\"es\",\"@id\":\"https:\\\/\\\/vinoscantarina.es\\\/#\\\/schema\\\/logo\\\/image\\\/\",\"url\":\"https:\\\/\\\/vinoscantarina.es\\\/wp-content\\\/uploads\\\/2021\\\/05\\\/cropped-Cantarina.png\",\"contentUrl\":\"https:\\\/\\\/vinoscantarina.es\\\/wp-content\\\/uploads\\\/2021\\\/05\\\/cropped-Cantarina.png\",\"width\":250,\"height\":250,\"caption\":\"Cantari\u00f1a Vinos de Familia\"},\"image\":{\"@id\":\"https:\\\/\\\/vinoscantarina.es\\\/#\\\/schema\\\/logo\\\/image\\\/\"}}]}<\/script>\n<!-- \/ Yoast SEO plugin. -->","yoast_head_json":{"title":"Cantari\u00f1a 3 El Tri\u00e1ngulo 2021 - Cantari\u00f1a Vinos de Familia","robots":{"index":"index","follow":"follow","max-snippet":"max-snippet:-1","max-image-preview":"max-image-preview:large","max-video-preview":"max-video-preview:-1"},"canonical":"https:\/\/vinoscantarina.es\/index.php\/en\/cantarina-3-el-triangulo-2018-2\/","og_locale":"es_ES","og_type":"article","og_title":"Cantari\u00f1a 3 El Tri\u00e1ngulo 2021 - Cantari\u00f1a Vinos de Familia","og_description":"Covering only 1\/4 of hectare, the unique soil and different orientation give a very special profile that deserves to be separated from the rest of Vi\u00f1a de los Pinos. Due to that triangular shape of the plot, as much as we could look for another surname for this Cantari\u00f1a 3 wine, there was no real &hellip; Continuar leyendo \"Cantari\u00f1a 3 El Tri\u00e1ngulo 2021\"","og_url":"https:\/\/vinoscantarina.es\/index.php\/en\/cantarina-3-el-triangulo-2018-2\/","og_site_name":"Cantari\u00f1a Vinos de Familia","article_modified_time":"2025-01-28T12:52:58+00:00","og_image":[{"width":853,"height":1280,"url":"https:\/\/vinoscantarina.es\/wp-content\/uploads\/2025\/01\/3-Cantarina-El-Triangulo-Photoroom.png","type":"image\/png"}],"twitter_misc":{"Tiempo de lectura":"2 minutos"},"schema":{"@context":"https:\/\/schema.org","@graph":[{"@type":"WebPage","@id":"https:\/\/vinoscantarina.es\/index.php\/en\/cantarina-3-el-triangulo-2018-2\/","url":"https:\/\/vinoscantarina.es\/index.php\/en\/cantarina-3-el-triangulo-2018-2\/","name":"Cantari\u00f1a 3 El Tri\u00e1ngulo 2021 - Cantari\u00f1a Vinos de Familia","isPartOf":{"@id":"https:\/\/vinoscantarina.es\/#website"},"primaryImageOfPage":{"@id":"https:\/\/vinoscantarina.es\/index.php\/en\/cantarina-3-el-triangulo-2018-2\/#primaryimage"},"image":{"@id":"https:\/\/vinoscantarina.es\/index.php\/en\/cantarina-3-el-triangulo-2018-2\/#primaryimage"},"thumbnailUrl":"https:\/\/vinoscantarina.es\/wp-content\/uploads\/2025\/01\/3-Cantarina-El-Triangulo-Photoroom-682x1024.png","datePublished":"2021-05-12T15:51:13+00:00","dateModified":"2025-01-28T12:52:58+00:00","breadcrumb":{"@id":"https:\/\/vinoscantarina.es\/index.php\/en\/cantarina-3-el-triangulo-2018-2\/#breadcrumb"},"inLanguage":"es","potentialAction":[{"@type":"ReadAction","target":["https:\/\/vinoscantarina.es\/index.php\/en\/cantarina-3-el-triangulo-2018-2\/"]}]},{"@type":"ImageObject","inLanguage":"es","@id":"https:\/\/vinoscantarina.es\/index.php\/en\/cantarina-3-el-triangulo-2018-2\/#primaryimage","url":"https:\/\/vinoscantarina.es\/wp-content\/uploads\/2025\/01\/3-Cantarina-El-Triangulo-Photoroom.png","contentUrl":"https:\/\/vinoscantarina.es\/wp-content\/uploads\/2025\/01\/3-Cantarina-El-Triangulo-Photoroom.png","width":853,"height":1280},{"@type":"BreadcrumbList","@id":"https:\/\/vinoscantarina.es\/index.php\/en\/cantarina-3-el-triangulo-2018-2\/#breadcrumb","itemListElement":[{"@type":"ListItem","position":1,"name":"Portada","item":"https:\/\/vinoscantarina.es\/"},{"@type":"ListItem","position":2,"name":"Cantari\u00f1a 3 El Tri\u00e1ngulo 2021"}]},{"@type":"WebSite","@id":"https:\/\/vinoscantarina.es\/#website","url":"https:\/\/vinoscantarina.es\/","name":"Cantari\u00f1a Vinos de Familia","description":"Vinos del Bierzo, Vinos para Disfrutar","publisher":{"@id":"https:\/\/vinoscantarina.es\/#organization"},"potentialAction":[{"@type":"SearchAction","target":{"@type":"EntryPoint","urlTemplate":"https:\/\/vinoscantarina.es\/?s={search_term_string}"},"query-input":{"@type":"PropertyValueSpecification","valueRequired":true,"valueName":"search_term_string"}}],"inLanguage":"es"},{"@type":"Organization","@id":"https:\/\/vinoscantarina.es\/#organization","name":"Cantari\u00f1a Vinos de Familia","url":"https:\/\/vinoscantarina.es\/","logo":{"@type":"ImageObject","inLanguage":"es","@id":"https:\/\/vinoscantarina.es\/#\/schema\/logo\/image\/","url":"https:\/\/vinoscantarina.es\/wp-content\/uploads\/2021\/05\/cropped-Cantarina.png","contentUrl":"https:\/\/vinoscantarina.es\/wp-content\/uploads\/2021\/05\/cropped-Cantarina.png","width":250,"height":250,"caption":"Cantari\u00f1a Vinos de Familia"},"image":{"@id":"https:\/\/vinoscantarina.es\/#\/schema\/logo\/image\/"}}]}},"_links":{"self":[{"href":"https:\/\/vinoscantarina.es\/index.php\/wp-json\/wp\/v2\/pages\/250","targetHints":{"allow":["GET"]}}],"collection":[{"href":"https:\/\/vinoscantarina.es\/index.php\/wp-json\/wp\/v2\/pages"}],"about":[{"href":"https:\/\/vinoscantarina.es\/index.php\/wp-json\/wp\/v2\/types\/page"}],"author":[{"embeddable":true,"href":"https:\/\/vinoscantarina.es\/index.php\/wp-json\/wp\/v2\/users\/1"}],"replies":[{"embeddable":true,"href":"https:\/\/vinoscantarina.es\/index.php\/wp-json\/wp\/v2\/comments?post=250"}],"version-history":[{"count":6,"href":"https:\/\/vinoscantarina.es\/index.php\/wp-json\/wp\/v2\/pages\/250\/revisions"}],"predecessor-version":[{"id":639,"href":"https:\/\/vinoscantarina.es\/index.php\/wp-json\/wp\/v2\/pages\/250\/revisions\/639"}],"wp:attachment":[{"href":"https:\/\/vinoscantarina.es\/index.php\/wp-json\/wp\/v2\/media?parent=250"}],"curies":[{"name":"wp","href":"https:\/\/api.w.org\/{rel}","templated":true}]}}