{"id":254,"date":"2021-05-12T15:59:42","date_gmt":"2021-05-12T15:59:42","guid":{"rendered":"https:\/\/vinoscantarina.es\/?page_id=254"},"modified":"2025-01-28T13:05:48","modified_gmt":"2025-01-28T13:05:48","slug":"cantarina-4-la-blanca-2020-2","status":"publish","type":"page","link":"https:\/\/vinoscantarina.es\/index.php\/en\/cantarina-4-la-blanca-2020-2\/","title":{"rendered":"Cantari\u00f1a 4 La Blanca 2022"},"content":{"rendered":"\n<div class=\"wp-block-columns is-layout-flex wp-container-core-columns-is-layout-9d6595d7 wp-block-columns-is-layout-flex\">\n<div class=\"wp-block-column is-layout-flow wp-block-column-is-layout-flow\" style=\"flex-basis:33.33%\">\n<figure class=\"wp-block-image size-large\"><img loading=\"lazy\" decoding=\"async\" width=\"682\" height=\"1024\" src=\"https:\/\/vinoscantarina.es\/wp-content\/uploads\/2025\/01\/4-Cantarina-La-Blanca-Photoroom-682x1024.png\" alt=\"\" class=\"wp-image-641\" srcset=\"https:\/\/vinoscantarina.es\/wp-content\/uploads\/2025\/01\/4-Cantarina-La-Blanca-Photoroom-682x1024.png 682w, https:\/\/vinoscantarina.es\/wp-content\/uploads\/2025\/01\/4-Cantarina-La-Blanca-Photoroom-200x300.png 200w, https:\/\/vinoscantarina.es\/wp-content\/uploads\/2025\/01\/4-Cantarina-La-Blanca-Photoroom-768x1152.png 768w, https:\/\/vinoscantarina.es\/wp-content\/uploads\/2025\/01\/4-Cantarina-La-Blanca-Photoroom.png 853w\" sizes=\"auto, (max-width: 682px) 100vw, 682px\" \/><\/figure>\n<\/div>\n\n\n\n<div class=\"wp-block-column is-layout-flow wp-block-column-is-layout-flow\" style=\"flex-basis:66.66%\">\n<p class=\"has-drop-cap\" style=\"font-size:28px\"><small><small><small><small>Made with a blend of all our white grapes: Godello, Do\u00f1a Blanca, Palomino and a touch of Malvas\u00eda grapes from both states, it is our only <em>Vine de Village<\/em> breaking our regular approach of doing single vineyard wines. Cantari\u00f1a 4 is, as some <a href=\"https:\/\/www.google.com\/url?q=https%3A%2F%2Fnosvamosdevinos.com%2Fcantarina-4-dona-blanca-2017%2F&amp;sa=D&amp;sntz=1&amp;usg=AFQjCNGRSylc0m0GTpof6534TPESNqT1rg\" target=\"_blank\" rel=\"noreferrer noopener\">good friends of us say<\/a>, the fruit of tenacity or even thick-head character that we had to prove right our local white varieties. A true Homage to some of the great white wines that we remembered at home made by our grandfather. It is a promising finding that we hope takes us through a beautiful journey.<\/small><\/small><\/small><\/small><\/p>\n<\/div>\n<\/div>\n\n\n\n<div class=\"wp-block-cover is-light\"><span aria-hidden=\"true\" class=\"wp-block-cover__background has-background-dim-20 has-background-dim\"><\/span><img loading=\"lazy\" decoding=\"async\" width=\"1440\" height=\"1440\" class=\"wp-block-cover__image-background wp-image-104\" alt=\"\" src=\"https:\/\/vinoscantarina.es\/wp-content\/uploads\/2021\/05\/Valdeobispo-Flores.jpg\" style=\"object-position:71% 3%\" data-object-fit=\"cover\" data-object-position=\"71% 3%\" srcset=\"https:\/\/vinoscantarina.es\/wp-content\/uploads\/2021\/05\/Valdeobispo-Flores.jpg 1440w, https:\/\/vinoscantarina.es\/wp-content\/uploads\/2021\/05\/Valdeobispo-Flores-300x300.jpg 300w, https:\/\/vinoscantarina.es\/wp-content\/uploads\/2021\/05\/Valdeobispo-Flores-1024x1024.jpg 1024w, https:\/\/vinoscantarina.es\/wp-content\/uploads\/2021\/05\/Valdeobispo-Flores-150x150.jpg 150w, https:\/\/vinoscantarina.es\/wp-content\/uploads\/2021\/05\/Valdeobispo-Flores-768x768.jpg 768w, https:\/\/vinoscantarina.es\/wp-content\/uploads\/2021\/05\/Valdeobispo-Flores-100x100.jpg 100w, https:\/\/vinoscantarina.es\/wp-content\/uploads\/2021\/05\/Valdeobispo-Flores-250x250.jpg 250w, https:\/\/vinoscantarina.es\/wp-content\/uploads\/2021\/05\/Valdeobispo-Flores-350x350.jpg 350w\" sizes=\"auto, (max-width: 767px) 89vw, (max-width: 1000px) 54vw, (max-width: 1071px) 543px, 580px\" \/><div class=\"wp-block-cover__inner-container is-layout-flow wp-block-cover-is-layout-flow\">\n<ul class=\"wp-block-list has-white-color has-text-color has-normal-font-size\">\n<li>Technical information\n<ul class=\"wp-block-list\">\n<li>DO Bierzo, Vino de Villa de Villafranca<\/li>\n\n\n\n<li><small>Sites: Vi\u00f1a de los Pinos and Valdeobispo<\/small><\/li>\n\n\n\n<li><small>53% Godello, 17% Do\u00f1a Blanca, 30% Palomino <\/small><\/li>\n\n\n\n<li><small>Clay, sand and broken quartzite<\/small><\/li>\n\n\n\n<li><small>Altitude: 550-600 m.<\/small><\/li>\n\n\n\n<li><small>Fermented and matured on its lees for 12 months in French oak barrels and steel tanks.<\/small><\/li>\n\n\n\n<li><small>alc. by Vol: 13.5%<\/small><\/li>\n\n\n\n<li><small>2,162 bottles<\/small><\/li>\n<\/ul>\n<\/li>\n<\/ul>\n\n\n\n<p class=\"has-text-align-right has-white-color has-text-color has-normal-font-size\"><strong>Tasting Notes La Blanca 2022<\/strong><\/p>\n\n\n\n<p class=\"has-text-align-right has-white-color has-text-color has-normal-font-size\">Golden shiny colour. Round, tasty, on the nose it opens to honey, white fruits such as compote apples, quince, and dried flowers. Fresh and elegant in the mouth, with a crispy finish that reminds of green apples. Not joking: tastes like the grape varieties it is made of! And of course, wine. Well bodied but fresh and with a very gentle passing through the palate thanks to its sharp acidity.<\/p>\n<\/div><\/div>\n","protected":false},"excerpt":{"rendered":"<p>Made with a blend of all our white grapes: Godello, Do\u00f1a Blanca, Palomino and a touch of Malvas\u00eda grapes from both states, it is our only Vine de Village breaking our regular approach of doing single vineyard wines. Cantari\u00f1a 4 is, as some good friends of us say, the fruit of tenacity or even thick-head &hellip; <\/p>\n<p class=\"link-more\"><a href=\"https:\/\/vinoscantarina.es\/index.php\/en\/cantarina-4-la-blanca-2020-2\/\" class=\"more-link\">Continuar leyendo<span class=\"screen-reader-text\"> \u00abCantari\u00f1a 4 La Blanca 2022\u00bb<\/span><\/a><\/p>\n","protected":false},"author":1,"featured_media":0,"parent":0,"menu_order":0,"comment_status":"closed","ping_status":"closed","template":"","meta":{"footnotes":""},"class_list":["post-254","page","type-page","status-publish","hentry"],"yoast_head":"<!-- This site is optimized with the Yoast SEO plugin v27.4 - https:\/\/yoast.com\/product\/yoast-seo-wordpress\/ -->\n<title>Cantari\u00f1a 4 La Blanca 2022 - Cantari\u00f1a Vinos de Familia<\/title>\n<meta name=\"robots\" content=\"index, follow, max-snippet:-1, max-image-preview:large, max-video-preview:-1\" \/>\n<link rel=\"canonical\" href=\"https:\/\/vinoscantarina.es\/index.php\/en\/cantarina-4-la-blanca-2020-2\/\" \/>\n<meta property=\"og:locale\" content=\"es_ES\" \/>\n<meta property=\"og:type\" content=\"article\" \/>\n<meta property=\"og:title\" content=\"Cantari\u00f1a 4 La Blanca 2022 - Cantari\u00f1a Vinos de Familia\" \/>\n<meta property=\"og:description\" content=\"Made with a blend of all our white grapes: Godello, Do\u00f1a Blanca, Palomino and a touch of Malvas\u00eda grapes from both states, it is our only Vine de Village breaking our regular approach of doing single vineyard wines. Cantari\u00f1a 4 is, as some good friends of us say, the fruit of tenacity or even thick-head &hellip; Continuar leyendo &quot;Cantari\u00f1a 4 La Blanca 2022&quot;\" \/>\n<meta property=\"og:url\" content=\"https:\/\/vinoscantarina.es\/index.php\/en\/cantarina-4-la-blanca-2020-2\/\" \/>\n<meta property=\"og:site_name\" content=\"Cantari\u00f1a Vinos de Familia\" \/>\n<meta property=\"article:modified_time\" content=\"2025-01-28T13:05:48+00:00\" \/>\n<meta property=\"og:image\" content=\"https:\/\/vinoscantarina.es\/wp-content\/uploads\/2025\/01\/4-Cantarina-La-Blanca-Photoroom.png\" \/>\n\t<meta property=\"og:image:width\" content=\"853\" \/>\n\t<meta property=\"og:image:height\" content=\"1280\" \/>\n\t<meta property=\"og:image:type\" content=\"image\/png\" \/>\n<meta name=\"twitter:label1\" content=\"Tiempo de lectura\" \/>\n\t<meta name=\"twitter:data1\" content=\"2 minutos\" \/>\n<script type=\"application\/ld+json\" class=\"yoast-schema-graph\">{\"@context\":\"https:\\\/\\\/schema.org\",\"@graph\":[{\"@type\":\"WebPage\",\"@id\":\"https:\\\/\\\/vinoscantarina.es\\\/index.php\\\/en\\\/cantarina-4-la-blanca-2020-2\\\/\",\"url\":\"https:\\\/\\\/vinoscantarina.es\\\/index.php\\\/en\\\/cantarina-4-la-blanca-2020-2\\\/\",\"name\":\"Cantari\u00f1a 4 La Blanca 2022 - Cantari\u00f1a Vinos de Familia\",\"isPartOf\":{\"@id\":\"https:\\\/\\\/vinoscantarina.es\\\/#website\"},\"primaryImageOfPage\":{\"@id\":\"https:\\\/\\\/vinoscantarina.es\\\/index.php\\\/en\\\/cantarina-4-la-blanca-2020-2\\\/#primaryimage\"},\"image\":{\"@id\":\"https:\\\/\\\/vinoscantarina.es\\\/index.php\\\/en\\\/cantarina-4-la-blanca-2020-2\\\/#primaryimage\"},\"thumbnailUrl\":\"https:\\\/\\\/vinoscantarina.es\\\/wp-content\\\/uploads\\\/2025\\\/01\\\/4-Cantarina-La-Blanca-Photoroom-682x1024.png\",\"datePublished\":\"2021-05-12T15:59:42+00:00\",\"dateModified\":\"2025-01-28T13:05:48+00:00\",\"breadcrumb\":{\"@id\":\"https:\\\/\\\/vinoscantarina.es\\\/index.php\\\/en\\\/cantarina-4-la-blanca-2020-2\\\/#breadcrumb\"},\"inLanguage\":\"es\",\"potentialAction\":[{\"@type\":\"ReadAction\",\"target\":[\"https:\\\/\\\/vinoscantarina.es\\\/index.php\\\/en\\\/cantarina-4-la-blanca-2020-2\\\/\"]}]},{\"@type\":\"ImageObject\",\"inLanguage\":\"es\",\"@id\":\"https:\\\/\\\/vinoscantarina.es\\\/index.php\\\/en\\\/cantarina-4-la-blanca-2020-2\\\/#primaryimage\",\"url\":\"https:\\\/\\\/vinoscantarina.es\\\/wp-content\\\/uploads\\\/2025\\\/01\\\/4-Cantarina-La-Blanca-Photoroom.png\",\"contentUrl\":\"https:\\\/\\\/vinoscantarina.es\\\/wp-content\\\/uploads\\\/2025\\\/01\\\/4-Cantarina-La-Blanca-Photoroom.png\",\"width\":853,\"height\":1280},{\"@type\":\"BreadcrumbList\",\"@id\":\"https:\\\/\\\/vinoscantarina.es\\\/index.php\\\/en\\\/cantarina-4-la-blanca-2020-2\\\/#breadcrumb\",\"itemListElement\":[{\"@type\":\"ListItem\",\"position\":1,\"name\":\"Portada\",\"item\":\"https:\\\/\\\/vinoscantarina.es\\\/\"},{\"@type\":\"ListItem\",\"position\":2,\"name\":\"Cantari\u00f1a 4 La Blanca 2022\"}]},{\"@type\":\"WebSite\",\"@id\":\"https:\\\/\\\/vinoscantarina.es\\\/#website\",\"url\":\"https:\\\/\\\/vinoscantarina.es\\\/\",\"name\":\"Cantari\u00f1a Vinos de Familia\",\"description\":\"Vinos del Bierzo, Vinos para Disfrutar\",\"publisher\":{\"@id\":\"https:\\\/\\\/vinoscantarina.es\\\/#organization\"},\"potentialAction\":[{\"@type\":\"SearchAction\",\"target\":{\"@type\":\"EntryPoint\",\"urlTemplate\":\"https:\\\/\\\/vinoscantarina.es\\\/?s={search_term_string}\"},\"query-input\":{\"@type\":\"PropertyValueSpecification\",\"valueRequired\":true,\"valueName\":\"search_term_string\"}}],\"inLanguage\":\"es\"},{\"@type\":\"Organization\",\"@id\":\"https:\\\/\\\/vinoscantarina.es\\\/#organization\",\"name\":\"Cantari\u00f1a Vinos de Familia\",\"url\":\"https:\\\/\\\/vinoscantarina.es\\\/\",\"logo\":{\"@type\":\"ImageObject\",\"inLanguage\":\"es\",\"@id\":\"https:\\\/\\\/vinoscantarina.es\\\/#\\\/schema\\\/logo\\\/image\\\/\",\"url\":\"https:\\\/\\\/vinoscantarina.es\\\/wp-content\\\/uploads\\\/2021\\\/05\\\/cropped-Cantarina.png\",\"contentUrl\":\"https:\\\/\\\/vinoscantarina.es\\\/wp-content\\\/uploads\\\/2021\\\/05\\\/cropped-Cantarina.png\",\"width\":250,\"height\":250,\"caption\":\"Cantari\u00f1a Vinos de Familia\"},\"image\":{\"@id\":\"https:\\\/\\\/vinoscantarina.es\\\/#\\\/schema\\\/logo\\\/image\\\/\"}}]}<\/script>\n<!-- \/ Yoast SEO plugin. -->","yoast_head_json":{"title":"Cantari\u00f1a 4 La Blanca 2022 - Cantari\u00f1a Vinos de Familia","robots":{"index":"index","follow":"follow","max-snippet":"max-snippet:-1","max-image-preview":"max-image-preview:large","max-video-preview":"max-video-preview:-1"},"canonical":"https:\/\/vinoscantarina.es\/index.php\/en\/cantarina-4-la-blanca-2020-2\/","og_locale":"es_ES","og_type":"article","og_title":"Cantari\u00f1a 4 La Blanca 2022 - Cantari\u00f1a Vinos de Familia","og_description":"Made with a blend of all our white grapes: Godello, Do\u00f1a Blanca, Palomino and a touch of Malvas\u00eda grapes from both states, it is our only Vine de Village breaking our regular approach of doing single vineyard wines. Cantari\u00f1a 4 is, as some good friends of us say, the fruit of tenacity or even thick-head &hellip; Continuar leyendo \"Cantari\u00f1a 4 La Blanca 2022\"","og_url":"https:\/\/vinoscantarina.es\/index.php\/en\/cantarina-4-la-blanca-2020-2\/","og_site_name":"Cantari\u00f1a Vinos de Familia","article_modified_time":"2025-01-28T13:05:48+00:00","og_image":[{"width":853,"height":1280,"url":"https:\/\/vinoscantarina.es\/wp-content\/uploads\/2025\/01\/4-Cantarina-La-Blanca-Photoroom.png","type":"image\/png"}],"twitter_misc":{"Tiempo de lectura":"2 minutos"},"schema":{"@context":"https:\/\/schema.org","@graph":[{"@type":"WebPage","@id":"https:\/\/vinoscantarina.es\/index.php\/en\/cantarina-4-la-blanca-2020-2\/","url":"https:\/\/vinoscantarina.es\/index.php\/en\/cantarina-4-la-blanca-2020-2\/","name":"Cantari\u00f1a 4 La Blanca 2022 - Cantari\u00f1a Vinos de Familia","isPartOf":{"@id":"https:\/\/vinoscantarina.es\/#website"},"primaryImageOfPage":{"@id":"https:\/\/vinoscantarina.es\/index.php\/en\/cantarina-4-la-blanca-2020-2\/#primaryimage"},"image":{"@id":"https:\/\/vinoscantarina.es\/index.php\/en\/cantarina-4-la-blanca-2020-2\/#primaryimage"},"thumbnailUrl":"https:\/\/vinoscantarina.es\/wp-content\/uploads\/2025\/01\/4-Cantarina-La-Blanca-Photoroom-682x1024.png","datePublished":"2021-05-12T15:59:42+00:00","dateModified":"2025-01-28T13:05:48+00:00","breadcrumb":{"@id":"https:\/\/vinoscantarina.es\/index.php\/en\/cantarina-4-la-blanca-2020-2\/#breadcrumb"},"inLanguage":"es","potentialAction":[{"@type":"ReadAction","target":["https:\/\/vinoscantarina.es\/index.php\/en\/cantarina-4-la-blanca-2020-2\/"]}]},{"@type":"ImageObject","inLanguage":"es","@id":"https:\/\/vinoscantarina.es\/index.php\/en\/cantarina-4-la-blanca-2020-2\/#primaryimage","url":"https:\/\/vinoscantarina.es\/wp-content\/uploads\/2025\/01\/4-Cantarina-La-Blanca-Photoroom.png","contentUrl":"https:\/\/vinoscantarina.es\/wp-content\/uploads\/2025\/01\/4-Cantarina-La-Blanca-Photoroom.png","width":853,"height":1280},{"@type":"BreadcrumbList","@id":"https:\/\/vinoscantarina.es\/index.php\/en\/cantarina-4-la-blanca-2020-2\/#breadcrumb","itemListElement":[{"@type":"ListItem","position":1,"name":"Portada","item":"https:\/\/vinoscantarina.es\/"},{"@type":"ListItem","position":2,"name":"Cantari\u00f1a 4 La Blanca 2022"}]},{"@type":"WebSite","@id":"https:\/\/vinoscantarina.es\/#website","url":"https:\/\/vinoscantarina.es\/","name":"Cantari\u00f1a Vinos de Familia","description":"Vinos del Bierzo, Vinos para Disfrutar","publisher":{"@id":"https:\/\/vinoscantarina.es\/#organization"},"potentialAction":[{"@type":"SearchAction","target":{"@type":"EntryPoint","urlTemplate":"https:\/\/vinoscantarina.es\/?s={search_term_string}"},"query-input":{"@type":"PropertyValueSpecification","valueRequired":true,"valueName":"search_term_string"}}],"inLanguage":"es"},{"@type":"Organization","@id":"https:\/\/vinoscantarina.es\/#organization","name":"Cantari\u00f1a Vinos de Familia","url":"https:\/\/vinoscantarina.es\/","logo":{"@type":"ImageObject","inLanguage":"es","@id":"https:\/\/vinoscantarina.es\/#\/schema\/logo\/image\/","url":"https:\/\/vinoscantarina.es\/wp-content\/uploads\/2021\/05\/cropped-Cantarina.png","contentUrl":"https:\/\/vinoscantarina.es\/wp-content\/uploads\/2021\/05\/cropped-Cantarina.png","width":250,"height":250,"caption":"Cantari\u00f1a Vinos de Familia"},"image":{"@id":"https:\/\/vinoscantarina.es\/#\/schema\/logo\/image\/"}}]}},"_links":{"self":[{"href":"https:\/\/vinoscantarina.es\/index.php\/wp-json\/wp\/v2\/pages\/254","targetHints":{"allow":["GET"]}}],"collection":[{"href":"https:\/\/vinoscantarina.es\/index.php\/wp-json\/wp\/v2\/pages"}],"about":[{"href":"https:\/\/vinoscantarina.es\/index.php\/wp-json\/wp\/v2\/types\/page"}],"author":[{"embeddable":true,"href":"https:\/\/vinoscantarina.es\/index.php\/wp-json\/wp\/v2\/users\/1"}],"replies":[{"embeddable":true,"href":"https:\/\/vinoscantarina.es\/index.php\/wp-json\/wp\/v2\/comments?post=254"}],"version-history":[{"count":6,"href":"https:\/\/vinoscantarina.es\/index.php\/wp-json\/wp\/v2\/pages\/254\/revisions"}],"predecessor-version":[{"id":643,"href":"https:\/\/vinoscantarina.es\/index.php\/wp-json\/wp\/v2\/pages\/254\/revisions\/643"}],"wp:attachment":[{"href":"https:\/\/vinoscantarina.es\/index.php\/wp-json\/wp\/v2\/media?parent=254"}],"curies":[{"name":"wp","href":"https:\/\/api.w.org\/{rel}","templated":true}]}}