{"id":256,"date":"2021-05-12T16:04:58","date_gmt":"2021-05-12T16:04:58","guid":{"rendered":"https:\/\/vinoscantarina.es\/?page_id=256"},"modified":"2025-01-28T13:10:22","modified_gmt":"2025-01-28T13:10:22","slug":"cantarina-5-valdeobispo-2018-2","status":"publish","type":"page","link":"https:\/\/vinoscantarina.es\/index.php\/en\/cantarina-5-valdeobispo-2018-2\/","title":{"rendered":"Cantari\u00f1a 5 Valdeobispo 2021"},"content":{"rendered":"\n<div class=\"wp-block-columns is-layout-flex wp-container-core-columns-is-layout-9d6595d7 wp-block-columns-is-layout-flex\">\n<div class=\"wp-block-column is-layout-flow wp-block-column-is-layout-flow\" style=\"flex-basis:33.33%\">\n<figure class=\"wp-block-image size-large\"><img loading=\"lazy\" decoding=\"async\" width=\"682\" height=\"1024\" src=\"https:\/\/vinoscantarina.es\/wp-content\/uploads\/2025\/01\/5-Cantarina-Valdeobispo-Photoroom-682x1024.png\" alt=\"\" class=\"wp-image-644\" srcset=\"https:\/\/vinoscantarina.es\/wp-content\/uploads\/2025\/01\/5-Cantarina-Valdeobispo-Photoroom-682x1024.png 682w, https:\/\/vinoscantarina.es\/wp-content\/uploads\/2025\/01\/5-Cantarina-Valdeobispo-Photoroom-200x300.png 200w, https:\/\/vinoscantarina.es\/wp-content\/uploads\/2025\/01\/5-Cantarina-Valdeobispo-Photoroom-768x1152.png 768w, https:\/\/vinoscantarina.es\/wp-content\/uploads\/2025\/01\/5-Cantarina-Valdeobispo-Photoroom.png 853w\" sizes=\"auto, (max-width: 682px) 100vw, 682px\" \/><\/figure>\n<\/div>\n\n\n\n<div class=\"wp-block-column is-layout-flow wp-block-column-is-layout-flow\" style=\"flex-basis:66.66%\">\n<p class=\"has-drop-cap\" style=\"font-size:30px;line-height:1\"><small><small><small><small><small>Valdeobispo is a plot of almost 5 hectares close to Villafranca, on an historical privileged location for vine farming. Planted in 1910 it is no doubt one of the <em>grand cr\u00fas<\/em> in Bierzo that we hope to have honoured with this our Cantari\u00f1a 5. Splitted in two, the lower part is planted with menc\u00eda and the upper part with white grapes. Very old vines on a vineyard toughened by slope and passage of time producing low yiel and great aromatic concentration. We are obliged to farm it organically and sustainably, fostering biodiversity and balance among its living beings. Many stories live behind Valdeobispo&#8230; mortgaged to pay for college studies, hiding an entire house with three lagares and a well behind its growing <em>beirones (<\/em>bushes circling the limits of the state), and it gave name to the first high quality bottled wine in Bierzo among more than 40 hect\u00e1reas of different locations. Today its name represents its plot and claims back its past <em>grandeur<\/em>.<\/small><\/small><\/small><\/small><\/small><\/p>\n<\/div>\n<\/div>\n\n\n\n<div class=\"wp-block-cover\"><span aria-hidden=\"true\" class=\"wp-block-cover__background has-background-dim-20 has-background-dim\"><\/span><img loading=\"lazy\" decoding=\"async\" width=\"960\" height=\"719\" class=\"wp-block-cover__image-background wp-image-257\" alt=\"\" src=\"https:\/\/vinoscantarina.es\/wp-content\/uploads\/2021\/05\/13010790_612833715552668_209732985067784645_n-1.jpg\" style=\"object-position:71% 3%\" data-object-fit=\"cover\" data-object-position=\"71% 3%\" srcset=\"https:\/\/vinoscantarina.es\/wp-content\/uploads\/2021\/05\/13010790_612833715552668_209732985067784645_n-1.jpg 960w, https:\/\/vinoscantarina.es\/wp-content\/uploads\/2021\/05\/13010790_612833715552668_209732985067784645_n-1-300x225.jpg 300w, https:\/\/vinoscantarina.es\/wp-content\/uploads\/2021\/05\/13010790_612833715552668_209732985067784645_n-1-768x575.jpg 768w\" sizes=\"auto, (max-width: 767px) 89vw, (max-width: 1000px) 54vw, (max-width: 1071px) 543px, 580px\" \/><div class=\"wp-block-cover__inner-container is-layout-flow wp-block-cover-is-layout-flow\">\n<ul class=\"wp-block-list has-normal-font-size\">\n<li>Technical information\n<ul class=\"wp-block-list\">\n<li><small>Sites: Valdeobispo, Villafranca del Bierzo<\/small><\/li>\n\n\n\n<li><small>100% Menc\u00eda <\/small><\/li>\n\n\n\n<li><small>Soil: Clay and sand with limestone and rolling stones<\/small><\/li>\n\n\n\n<li><small>Altitude: 550 m.<\/small><\/li>\n\n\n\n<li><small>Fermented in an oak 50 HL vat, whole bunch, 12 months in used French oak 225 and 500 l casks<\/small><\/li>\n\n\n\n<li><small>alc. by Vol: 13.5%<\/small><\/li>\n\n\n\n<li><small>4,240 bottles <\/small><\/li>\n<\/ul>\n<\/li>\n<\/ul>\n\n\n\n<p class=\"has-text-align-right has-normal-font-size\"><strong>Tasting Notes<\/strong> <strong>Valdeobispo 2021<\/strong><\/p>\n\n\n\n<p class=\"has-text-align-right has-normal-font-size\">Dark purple colour, it shows plenty of violet flowers and red fruits on the nose. Velvety feeling, round taste of raspberries and blackberries, balanced fruitiness and acidity showing pure menc\u00eda characteristics. Rich in tannins, very ample and lots of length on the palate that remains for long and invite to another taste&#8230; A true heir of past times.<\/p>\n<\/div><\/div>\n","protected":false},"excerpt":{"rendered":"<p>Valdeobispo is a plot of almost 5 hectares close to Villafranca, on an historical privileged location for vine farming. Planted in 1910 it is no doubt one of the grand cr\u00fas in Bierzo that we hope to have honoured with this our Cantari\u00f1a 5. Splitted in two, the lower part is planted with menc\u00eda and &hellip; <\/p>\n<p class=\"link-more\"><a href=\"https:\/\/vinoscantarina.es\/index.php\/en\/cantarina-5-valdeobispo-2018-2\/\" class=\"more-link\">Continuar leyendo<span class=\"screen-reader-text\"> \u00abCantari\u00f1a 5 Valdeobispo 2021\u00bb<\/span><\/a><\/p>\n","protected":false},"author":1,"featured_media":0,"parent":0,"menu_order":0,"comment_status":"closed","ping_status":"closed","template":"","meta":{"footnotes":""},"class_list":["post-256","page","type-page","status-publish","hentry"],"yoast_head":"<!-- This site is optimized with the Yoast SEO plugin v27.4 - https:\/\/yoast.com\/product\/yoast-seo-wordpress\/ -->\n<title>Cantari\u00f1a 5 Valdeobispo 2021 - Cantari\u00f1a Vinos de Familia<\/title>\n<meta name=\"robots\" content=\"index, follow, max-snippet:-1, max-image-preview:large, max-video-preview:-1\" \/>\n<link rel=\"canonical\" href=\"https:\/\/vinoscantarina.es\/index.php\/en\/cantarina-5-valdeobispo-2018-2\/\" \/>\n<meta property=\"og:locale\" content=\"es_ES\" \/>\n<meta property=\"og:type\" content=\"article\" \/>\n<meta property=\"og:title\" content=\"Cantari\u00f1a 5 Valdeobispo 2021 - Cantari\u00f1a Vinos de Familia\" \/>\n<meta property=\"og:description\" content=\"Valdeobispo is a plot of almost 5 hectares close to Villafranca, on an historical privileged location for vine farming. Planted in 1910 it is no doubt one of the grand cr\u00fas in Bierzo that we hope to have honoured with this our Cantari\u00f1a 5. Splitted in two, the lower part is planted with menc\u00eda and &hellip; Continuar leyendo &quot;Cantari\u00f1a 5 Valdeobispo 2021&quot;\" \/>\n<meta property=\"og:url\" content=\"https:\/\/vinoscantarina.es\/index.php\/en\/cantarina-5-valdeobispo-2018-2\/\" \/>\n<meta property=\"og:site_name\" content=\"Cantari\u00f1a Vinos de Familia\" \/>\n<meta property=\"article:modified_time\" content=\"2025-01-28T13:10:22+00:00\" \/>\n<meta property=\"og:image\" content=\"https:\/\/vinoscantarina.es\/wp-content\/uploads\/2025\/01\/5-Cantarina-Valdeobispo-Photoroom.png\" \/>\n\t<meta property=\"og:image:width\" content=\"853\" \/>\n\t<meta property=\"og:image:height\" content=\"1280\" \/>\n\t<meta property=\"og:image:type\" content=\"image\/png\" \/>\n<meta name=\"twitter:label1\" content=\"Tiempo de lectura\" \/>\n\t<meta name=\"twitter:data1\" content=\"2 minutos\" \/>\n<script type=\"application\/ld+json\" class=\"yoast-schema-graph\">{\"@context\":\"https:\\\/\\\/schema.org\",\"@graph\":[{\"@type\":\"WebPage\",\"@id\":\"https:\\\/\\\/vinoscantarina.es\\\/index.php\\\/en\\\/cantarina-5-valdeobispo-2018-2\\\/\",\"url\":\"https:\\\/\\\/vinoscantarina.es\\\/index.php\\\/en\\\/cantarina-5-valdeobispo-2018-2\\\/\",\"name\":\"Cantari\u00f1a 5 Valdeobispo 2021 - Cantari\u00f1a Vinos de Familia\",\"isPartOf\":{\"@id\":\"https:\\\/\\\/vinoscantarina.es\\\/#website\"},\"primaryImageOfPage\":{\"@id\":\"https:\\\/\\\/vinoscantarina.es\\\/index.php\\\/en\\\/cantarina-5-valdeobispo-2018-2\\\/#primaryimage\"},\"image\":{\"@id\":\"https:\\\/\\\/vinoscantarina.es\\\/index.php\\\/en\\\/cantarina-5-valdeobispo-2018-2\\\/#primaryimage\"},\"thumbnailUrl\":\"https:\\\/\\\/vinoscantarina.es\\\/wp-content\\\/uploads\\\/2025\\\/01\\\/5-Cantarina-Valdeobispo-Photoroom-682x1024.png\",\"datePublished\":\"2021-05-12T16:04:58+00:00\",\"dateModified\":\"2025-01-28T13:10:22+00:00\",\"breadcrumb\":{\"@id\":\"https:\\\/\\\/vinoscantarina.es\\\/index.php\\\/en\\\/cantarina-5-valdeobispo-2018-2\\\/#breadcrumb\"},\"inLanguage\":\"es\",\"potentialAction\":[{\"@type\":\"ReadAction\",\"target\":[\"https:\\\/\\\/vinoscantarina.es\\\/index.php\\\/en\\\/cantarina-5-valdeobispo-2018-2\\\/\"]}]},{\"@type\":\"ImageObject\",\"inLanguage\":\"es\",\"@id\":\"https:\\\/\\\/vinoscantarina.es\\\/index.php\\\/en\\\/cantarina-5-valdeobispo-2018-2\\\/#primaryimage\",\"url\":\"https:\\\/\\\/vinoscantarina.es\\\/wp-content\\\/uploads\\\/2025\\\/01\\\/5-Cantarina-Valdeobispo-Photoroom.png\",\"contentUrl\":\"https:\\\/\\\/vinoscantarina.es\\\/wp-content\\\/uploads\\\/2025\\\/01\\\/5-Cantarina-Valdeobispo-Photoroom.png\",\"width\":853,\"height\":1280},{\"@type\":\"BreadcrumbList\",\"@id\":\"https:\\\/\\\/vinoscantarina.es\\\/index.php\\\/en\\\/cantarina-5-valdeobispo-2018-2\\\/#breadcrumb\",\"itemListElement\":[{\"@type\":\"ListItem\",\"position\":1,\"name\":\"Portada\",\"item\":\"https:\\\/\\\/vinoscantarina.es\\\/\"},{\"@type\":\"ListItem\",\"position\":2,\"name\":\"Cantari\u00f1a 5 Valdeobispo 2021\"}]},{\"@type\":\"WebSite\",\"@id\":\"https:\\\/\\\/vinoscantarina.es\\\/#website\",\"url\":\"https:\\\/\\\/vinoscantarina.es\\\/\",\"name\":\"Cantari\u00f1a Vinos de Familia\",\"description\":\"Vinos del Bierzo, Vinos para Disfrutar\",\"publisher\":{\"@id\":\"https:\\\/\\\/vinoscantarina.es\\\/#organization\"},\"potentialAction\":[{\"@type\":\"SearchAction\",\"target\":{\"@type\":\"EntryPoint\",\"urlTemplate\":\"https:\\\/\\\/vinoscantarina.es\\\/?s={search_term_string}\"},\"query-input\":{\"@type\":\"PropertyValueSpecification\",\"valueRequired\":true,\"valueName\":\"search_term_string\"}}],\"inLanguage\":\"es\"},{\"@type\":\"Organization\",\"@id\":\"https:\\\/\\\/vinoscantarina.es\\\/#organization\",\"name\":\"Cantari\u00f1a Vinos de Familia\",\"url\":\"https:\\\/\\\/vinoscantarina.es\\\/\",\"logo\":{\"@type\":\"ImageObject\",\"inLanguage\":\"es\",\"@id\":\"https:\\\/\\\/vinoscantarina.es\\\/#\\\/schema\\\/logo\\\/image\\\/\",\"url\":\"https:\\\/\\\/vinoscantarina.es\\\/wp-content\\\/uploads\\\/2021\\\/05\\\/cropped-Cantarina.png\",\"contentUrl\":\"https:\\\/\\\/vinoscantarina.es\\\/wp-content\\\/uploads\\\/2021\\\/05\\\/cropped-Cantarina.png\",\"width\":250,\"height\":250,\"caption\":\"Cantari\u00f1a Vinos de Familia\"},\"image\":{\"@id\":\"https:\\\/\\\/vinoscantarina.es\\\/#\\\/schema\\\/logo\\\/image\\\/\"}}]}<\/script>\n<!-- \/ Yoast SEO plugin. -->","yoast_head_json":{"title":"Cantari\u00f1a 5 Valdeobispo 2021 - Cantari\u00f1a Vinos de Familia","robots":{"index":"index","follow":"follow","max-snippet":"max-snippet:-1","max-image-preview":"max-image-preview:large","max-video-preview":"max-video-preview:-1"},"canonical":"https:\/\/vinoscantarina.es\/index.php\/en\/cantarina-5-valdeobispo-2018-2\/","og_locale":"es_ES","og_type":"article","og_title":"Cantari\u00f1a 5 Valdeobispo 2021 - Cantari\u00f1a Vinos de Familia","og_description":"Valdeobispo is a plot of almost 5 hectares close to Villafranca, on an historical privileged location for vine farming. Planted in 1910 it is no doubt one of the grand cr\u00fas in Bierzo that we hope to have honoured with this our Cantari\u00f1a 5. Splitted in two, the lower part is planted with menc\u00eda and &hellip; Continuar leyendo \"Cantari\u00f1a 5 Valdeobispo 2021\"","og_url":"https:\/\/vinoscantarina.es\/index.php\/en\/cantarina-5-valdeobispo-2018-2\/","og_site_name":"Cantari\u00f1a Vinos de Familia","article_modified_time":"2025-01-28T13:10:22+00:00","og_image":[{"width":853,"height":1280,"url":"https:\/\/vinoscantarina.es\/wp-content\/uploads\/2025\/01\/5-Cantarina-Valdeobispo-Photoroom.png","type":"image\/png"}],"twitter_misc":{"Tiempo de lectura":"2 minutos"},"schema":{"@context":"https:\/\/schema.org","@graph":[{"@type":"WebPage","@id":"https:\/\/vinoscantarina.es\/index.php\/en\/cantarina-5-valdeobispo-2018-2\/","url":"https:\/\/vinoscantarina.es\/index.php\/en\/cantarina-5-valdeobispo-2018-2\/","name":"Cantari\u00f1a 5 Valdeobispo 2021 - Cantari\u00f1a Vinos de Familia","isPartOf":{"@id":"https:\/\/vinoscantarina.es\/#website"},"primaryImageOfPage":{"@id":"https:\/\/vinoscantarina.es\/index.php\/en\/cantarina-5-valdeobispo-2018-2\/#primaryimage"},"image":{"@id":"https:\/\/vinoscantarina.es\/index.php\/en\/cantarina-5-valdeobispo-2018-2\/#primaryimage"},"thumbnailUrl":"https:\/\/vinoscantarina.es\/wp-content\/uploads\/2025\/01\/5-Cantarina-Valdeobispo-Photoroom-682x1024.png","datePublished":"2021-05-12T16:04:58+00:00","dateModified":"2025-01-28T13:10:22+00:00","breadcrumb":{"@id":"https:\/\/vinoscantarina.es\/index.php\/en\/cantarina-5-valdeobispo-2018-2\/#breadcrumb"},"inLanguage":"es","potentialAction":[{"@type":"ReadAction","target":["https:\/\/vinoscantarina.es\/index.php\/en\/cantarina-5-valdeobispo-2018-2\/"]}]},{"@type":"ImageObject","inLanguage":"es","@id":"https:\/\/vinoscantarina.es\/index.php\/en\/cantarina-5-valdeobispo-2018-2\/#primaryimage","url":"https:\/\/vinoscantarina.es\/wp-content\/uploads\/2025\/01\/5-Cantarina-Valdeobispo-Photoroom.png","contentUrl":"https:\/\/vinoscantarina.es\/wp-content\/uploads\/2025\/01\/5-Cantarina-Valdeobispo-Photoroom.png","width":853,"height":1280},{"@type":"BreadcrumbList","@id":"https:\/\/vinoscantarina.es\/index.php\/en\/cantarina-5-valdeobispo-2018-2\/#breadcrumb","itemListElement":[{"@type":"ListItem","position":1,"name":"Portada","item":"https:\/\/vinoscantarina.es\/"},{"@type":"ListItem","position":2,"name":"Cantari\u00f1a 5 Valdeobispo 2021"}]},{"@type":"WebSite","@id":"https:\/\/vinoscantarina.es\/#website","url":"https:\/\/vinoscantarina.es\/","name":"Cantari\u00f1a Vinos de Familia","description":"Vinos del Bierzo, Vinos para Disfrutar","publisher":{"@id":"https:\/\/vinoscantarina.es\/#organization"},"potentialAction":[{"@type":"SearchAction","target":{"@type":"EntryPoint","urlTemplate":"https:\/\/vinoscantarina.es\/?s={search_term_string}"},"query-input":{"@type":"PropertyValueSpecification","valueRequired":true,"valueName":"search_term_string"}}],"inLanguage":"es"},{"@type":"Organization","@id":"https:\/\/vinoscantarina.es\/#organization","name":"Cantari\u00f1a Vinos de Familia","url":"https:\/\/vinoscantarina.es\/","logo":{"@type":"ImageObject","inLanguage":"es","@id":"https:\/\/vinoscantarina.es\/#\/schema\/logo\/image\/","url":"https:\/\/vinoscantarina.es\/wp-content\/uploads\/2021\/05\/cropped-Cantarina.png","contentUrl":"https:\/\/vinoscantarina.es\/wp-content\/uploads\/2021\/05\/cropped-Cantarina.png","width":250,"height":250,"caption":"Cantari\u00f1a Vinos de Familia"},"image":{"@id":"https:\/\/vinoscantarina.es\/#\/schema\/logo\/image\/"}}]}},"_links":{"self":[{"href":"https:\/\/vinoscantarina.es\/index.php\/wp-json\/wp\/v2\/pages\/256","targetHints":{"allow":["GET"]}}],"collection":[{"href":"https:\/\/vinoscantarina.es\/index.php\/wp-json\/wp\/v2\/pages"}],"about":[{"href":"https:\/\/vinoscantarina.es\/index.php\/wp-json\/wp\/v2\/types\/page"}],"author":[{"embeddable":true,"href":"https:\/\/vinoscantarina.es\/index.php\/wp-json\/wp\/v2\/users\/1"}],"replies":[{"embeddable":true,"href":"https:\/\/vinoscantarina.es\/index.php\/wp-json\/wp\/v2\/comments?post=256"}],"version-history":[{"count":3,"href":"https:\/\/vinoscantarina.es\/index.php\/wp-json\/wp\/v2\/pages\/256\/revisions"}],"predecessor-version":[{"id":646,"href":"https:\/\/vinoscantarina.es\/index.php\/wp-json\/wp\/v2\/pages\/256\/revisions\/646"}],"wp:attachment":[{"href":"https:\/\/vinoscantarina.es\/index.php\/wp-json\/wp\/v2\/media?parent=256"}],"curies":[{"name":"wp","href":"https:\/\/api.w.org\/{rel}","templated":true}]}}