{"id":30,"date":"2021-05-10T08:44:29","date_gmt":"2021-05-10T08:44:29","guid":{"rendered":"https:\/\/vinoscantarina.es\/index.php\/tienda\/"},"modified":"2023-11-13T07:45:49","modified_gmt":"2023-11-13T07:45:49","slug":"tienda","status":"publish","type":"page","link":"https:\/\/vinoscantarina.es\/index.php\/tienda\/","title":{"rendered":"Tienda"},"content":{"rendered":"\n<p class=\"has-vivid-green-cyan-color has-text-color\">Si eres mayor de 18 a\u00f1os, puedes entrar en nuestra <a href=\"https:\/\/vinoscantarina.es\/index.php\/tienda-2\/\">Cantari\u00f1a Store<\/a> <\/p>\n","protected":false},"excerpt":{"rendered":"<p>Si eres mayor de 18 a\u00f1os, puedes entrar en nuestra Cantari\u00f1a Store<\/p>\n","protected":false},"author":1,"featured_media":109,"parent":0,"menu_order":0,"comment_status":"closed","ping_status":"closed","template":"","meta":{"footnotes":""},"class_list":["post-30","page","type-page","status-publish","has-post-thumbnail","hentry"],"yoast_head":"<!-- This site is optimized with the Yoast SEO plugin v27.5 - https:\/\/yoast.com\/product\/yoast-seo-wordpress\/ -->\n<title>Tienda - Cantari\u00f1a Vinos de Familia<\/title>\n<meta name=\"robots\" content=\"index, follow, max-snippet:-1, max-image-preview:large, max-video-preview:-1\" \/>\n<link rel=\"canonical\" href=\"https:\/\/vinoscantarina.es\/index.php\/tienda\/\" \/>\n<meta property=\"og:locale\" content=\"es_ES\" \/>\n<meta property=\"og:type\" content=\"article\" \/>\n<meta property=\"og:title\" content=\"Tienda - Cantari\u00f1a Vinos de Familia\" \/>\n<meta property=\"og:description\" content=\"Si eres mayor de 18 a\u00f1os, puedes entrar en nuestra Cantari\u00f1a Store\" \/>\n<meta property=\"og:url\" content=\"https:\/\/vinoscantarina.es\/index.php\/tienda\/\" \/>\n<meta property=\"og:site_name\" content=\"Cantari\u00f1a Vinos de Familia\" \/>\n<meta property=\"article:modified_time\" content=\"2023-11-13T07:45:49+00:00\" \/>\n<meta property=\"og:image\" content=\"https:\/\/vinoscantarina.es\/wp-content\/uploads\/2021\/05\/DSC01795-scaled-e1620668784916.jpg\" \/>\n\t<meta property=\"og:image:width\" content=\"2560\" \/>\n\t<meta property=\"og:image:height\" content=\"1254\" \/>\n\t<meta property=\"og:image:type\" content=\"image\/jpeg\" \/>\n<meta name=\"twitter:label1\" content=\"Tiempo de lectura\" \/>\n\t<meta name=\"twitter:data1\" content=\"1 minuto\" \/>\n<script type=\"application\/ld+json\" class=\"yoast-schema-graph\">{\"@context\":\"https:\\\/\\\/schema.org\",\"@graph\":[{\"@type\":\"WebPage\",\"@id\":\"https:\\\/\\\/vinoscantarina.es\\\/index.php\\\/tienda\\\/\",\"url\":\"https:\\\/\\\/vinoscantarina.es\\\/index.php\\\/tienda\\\/\",\"name\":\"Tienda - Cantari\u00f1a Vinos de Familia\",\"isPartOf\":{\"@id\":\"https:\\\/\\\/vinoscantarina.es\\\/#website\"},\"primaryImageOfPage\":{\"@id\":\"https:\\\/\\\/vinoscantarina.es\\\/index.php\\\/tienda\\\/#primaryimage\"},\"image\":{\"@id\":\"https:\\\/\\\/vinoscantarina.es\\\/index.php\\\/tienda\\\/#primaryimage\"},\"thumbnailUrl\":\"https:\\\/\\\/vinoscantarina.es\\\/wp-content\\\/uploads\\\/2021\\\/05\\\/DSC01795-scaled-e1620668784916.jpg\",\"datePublished\":\"2021-05-10T08:44:29+00:00\",\"dateModified\":\"2023-11-13T07:45:49+00:00\",\"breadcrumb\":{\"@id\":\"https:\\\/\\\/vinoscantarina.es\\\/index.php\\\/tienda\\\/#breadcrumb\"},\"inLanguage\":\"es\",\"potentialAction\":[{\"@type\":\"ReadAction\",\"target\":[\"https:\\\/\\\/vinoscantarina.es\\\/index.php\\\/tienda\\\/\"]}]},{\"@type\":\"ImageObject\",\"inLanguage\":\"es\",\"@id\":\"https:\\\/\\\/vinoscantarina.es\\\/index.php\\\/tienda\\\/#primaryimage\",\"url\":\"https:\\\/\\\/vinoscantarina.es\\\/wp-content\\\/uploads\\\/2021\\\/05\\\/DSC01795-scaled-e1620668784916.jpg\",\"contentUrl\":\"https:\\\/\\\/vinoscantarina.es\\\/wp-content\\\/uploads\\\/2021\\\/05\\\/DSC01795-scaled-e1620668784916.jpg\",\"width\":2560,\"height\":1254},{\"@type\":\"BreadcrumbList\",\"@id\":\"https:\\\/\\\/vinoscantarina.es\\\/index.php\\\/tienda\\\/#breadcrumb\",\"itemListElement\":[{\"@type\":\"ListItem\",\"position\":1,\"name\":\"Portada\",\"item\":\"https:\\\/\\\/vinoscantarina.es\\\/\"},{\"@type\":\"ListItem\",\"position\":2,\"name\":\"Tienda\"}]},{\"@type\":\"WebSite\",\"@id\":\"https:\\\/\\\/vinoscantarina.es\\\/#website\",\"url\":\"https:\\\/\\\/vinoscantarina.es\\\/\",\"name\":\"Cantari\u00f1a Vinos de Familia\",\"description\":\"Vinos del Bierzo, Vinos para Disfrutar\",\"publisher\":{\"@id\":\"https:\\\/\\\/vinoscantarina.es\\\/#organization\"},\"potentialAction\":[{\"@type\":\"SearchAction\",\"target\":{\"@type\":\"EntryPoint\",\"urlTemplate\":\"https:\\\/\\\/vinoscantarina.es\\\/?s={search_term_string}\"},\"query-input\":{\"@type\":\"PropertyValueSpecification\",\"valueRequired\":true,\"valueName\":\"search_term_string\"}}],\"inLanguage\":\"es\"},{\"@type\":\"Organization\",\"@id\":\"https:\\\/\\\/vinoscantarina.es\\\/#organization\",\"name\":\"Cantari\u00f1a Vinos de Familia\",\"url\":\"https:\\\/\\\/vinoscantarina.es\\\/\",\"logo\":{\"@type\":\"ImageObject\",\"inLanguage\":\"es\",\"@id\":\"https:\\\/\\\/vinoscantarina.es\\\/#\\\/schema\\\/logo\\\/image\\\/\",\"url\":\"https:\\\/\\\/vinoscantarina.es\\\/wp-content\\\/uploads\\\/2021\\\/05\\\/cropped-Cantarina.png\",\"contentUrl\":\"https:\\\/\\\/vinoscantarina.es\\\/wp-content\\\/uploads\\\/2021\\\/05\\\/cropped-Cantarina.png\",\"width\":250,\"height\":250,\"caption\":\"Cantari\u00f1a Vinos de Familia\"},\"image\":{\"@id\":\"https:\\\/\\\/vinoscantarina.es\\\/#\\\/schema\\\/logo\\\/image\\\/\"}}]}<\/script>\n<!-- \/ Yoast SEO plugin. -->","yoast_head_json":{"title":"Tienda - Cantari\u00f1a Vinos de Familia","robots":{"index":"index","follow":"follow","max-snippet":"max-snippet:-1","max-image-preview":"max-image-preview:large","max-video-preview":"max-video-preview:-1"},"canonical":"https:\/\/vinoscantarina.es\/index.php\/tienda\/","og_locale":"es_ES","og_type":"article","og_title":"Tienda - Cantari\u00f1a Vinos de Familia","og_description":"Si eres mayor de 18 a\u00f1os, puedes entrar en nuestra Cantari\u00f1a Store","og_url":"https:\/\/vinoscantarina.es\/index.php\/tienda\/","og_site_name":"Cantari\u00f1a Vinos de Familia","article_modified_time":"2023-11-13T07:45:49+00:00","og_image":[{"width":2560,"height":1254,"url":"https:\/\/vinoscantarina.es\/wp-content\/uploads\/2021\/05\/DSC01795-scaled-e1620668784916.jpg","type":"image\/jpeg"}],"twitter_misc":{"Tiempo de lectura":"1 minuto"},"schema":{"@context":"https:\/\/schema.org","@graph":[{"@type":"WebPage","@id":"https:\/\/vinoscantarina.es\/index.php\/tienda\/","url":"https:\/\/vinoscantarina.es\/index.php\/tienda\/","name":"Tienda - Cantari\u00f1a Vinos de Familia","isPartOf":{"@id":"https:\/\/vinoscantarina.es\/#website"},"primaryImageOfPage":{"@id":"https:\/\/vinoscantarina.es\/index.php\/tienda\/#primaryimage"},"image":{"@id":"https:\/\/vinoscantarina.es\/index.php\/tienda\/#primaryimage"},"thumbnailUrl":"https:\/\/vinoscantarina.es\/wp-content\/uploads\/2021\/05\/DSC01795-scaled-e1620668784916.jpg","datePublished":"2021-05-10T08:44:29+00:00","dateModified":"2023-11-13T07:45:49+00:00","breadcrumb":{"@id":"https:\/\/vinoscantarina.es\/index.php\/tienda\/#breadcrumb"},"inLanguage":"es","potentialAction":[{"@type":"ReadAction","target":["https:\/\/vinoscantarina.es\/index.php\/tienda\/"]}]},{"@type":"ImageObject","inLanguage":"es","@id":"https:\/\/vinoscantarina.es\/index.php\/tienda\/#primaryimage","url":"https:\/\/vinoscantarina.es\/wp-content\/uploads\/2021\/05\/DSC01795-scaled-e1620668784916.jpg","contentUrl":"https:\/\/vinoscantarina.es\/wp-content\/uploads\/2021\/05\/DSC01795-scaled-e1620668784916.jpg","width":2560,"height":1254},{"@type":"BreadcrumbList","@id":"https:\/\/vinoscantarina.es\/index.php\/tienda\/#breadcrumb","itemListElement":[{"@type":"ListItem","position":1,"name":"Portada","item":"https:\/\/vinoscantarina.es\/"},{"@type":"ListItem","position":2,"name":"Tienda"}]},{"@type":"WebSite","@id":"https:\/\/vinoscantarina.es\/#website","url":"https:\/\/vinoscantarina.es\/","name":"Cantari\u00f1a Vinos de Familia","description":"Vinos del Bierzo, Vinos para Disfrutar","publisher":{"@id":"https:\/\/vinoscantarina.es\/#organization"},"potentialAction":[{"@type":"SearchAction","target":{"@type":"EntryPoint","urlTemplate":"https:\/\/vinoscantarina.es\/?s={search_term_string}"},"query-input":{"@type":"PropertyValueSpecification","valueRequired":true,"valueName":"search_term_string"}}],"inLanguage":"es"},{"@type":"Organization","@id":"https:\/\/vinoscantarina.es\/#organization","name":"Cantari\u00f1a Vinos de Familia","url":"https:\/\/vinoscantarina.es\/","logo":{"@type":"ImageObject","inLanguage":"es","@id":"https:\/\/vinoscantarina.es\/#\/schema\/logo\/image\/","url":"https:\/\/vinoscantarina.es\/wp-content\/uploads\/2021\/05\/cropped-Cantarina.png","contentUrl":"https:\/\/vinoscantarina.es\/wp-content\/uploads\/2021\/05\/cropped-Cantarina.png","width":250,"height":250,"caption":"Cantari\u00f1a Vinos de Familia"},"image":{"@id":"https:\/\/vinoscantarina.es\/#\/schema\/logo\/image\/"}}]}},"_links":{"self":[{"href":"https:\/\/vinoscantarina.es\/index.php\/wp-json\/wp\/v2\/pages\/30","targetHints":{"allow":["GET"]}}],"collection":[{"href":"https:\/\/vinoscantarina.es\/index.php\/wp-json\/wp\/v2\/pages"}],"about":[{"href":"https:\/\/vinoscantarina.es\/index.php\/wp-json\/wp\/v2\/types\/page"}],"author":[{"embeddable":true,"href":"https:\/\/vinoscantarina.es\/index.php\/wp-json\/wp\/v2\/users\/1"}],"replies":[{"embeddable":true,"href":"https:\/\/vinoscantarina.es\/index.php\/wp-json\/wp\/v2\/comments?post=30"}],"version-history":[{"count":2,"href":"https:\/\/vinoscantarina.es\/index.php\/wp-json\/wp\/v2\/pages\/30\/revisions"}],"predecessor-version":[{"id":133,"href":"https:\/\/vinoscantarina.es\/index.php\/wp-json\/wp\/v2\/pages\/30\/revisions\/133"}],"wp:featuredmedia":[{"embeddable":true,"href":"https:\/\/vinoscantarina.es\/index.php\/wp-json\/wp\/v2\/media\/109"}],"wp:attachment":[{"href":"https:\/\/vinoscantarina.es\/index.php\/wp-json\/wp\/v2\/media?parent=30"}],"curies":[{"name":"wp","href":"https:\/\/api.w.org\/{rel}","templated":true}]}}