{"id":46,"date":"2021-05-10T14:29:19","date_gmt":"2021-05-10T14:29:19","guid":{"rendered":"https:\/\/vinoscantarina.es\/?page_id=46"},"modified":"2024-04-09T15:29:35","modified_gmt":"2024-04-09T15:29:35","slug":"sobre-nosotros","status":"publish","type":"page","link":"https:\/\/vinoscantarina.es\/index.php\/sobre-nosotros\/","title":{"rendered":"Sobre Nosotros"},"content":{"rendered":"\n<p>Cantari\u00f1a cuida con mimo 13 Ha de vi\u00f1edo repartidas en tres parajes sitos en el municipio de Villafranca del Bierzo y una \u00faltima adquisici\u00f3n: nuestro nuevo proyecto en <strong>A Freita<\/strong>, Corull\u00f3n.<\/p>\n\n\n\n<p class=\"has-drop-cap\">Nuestras vi\u00f1as de familia en Villafranca est\u00e1n en los parajes de <strong>El Cotelo<\/strong>, <strong>Valdeobispo<\/strong> (nombre de grato recuerdo familiar), y Vi\u00f1a de Los Pinos (<strong>Las Gundi\u00f1as<\/strong>, Valtuille), que es probablemente una de las vi\u00f1as m\u00e1s ic\u00f3nicas y fotografiadas del Bierzo. Situada al pie del Camino de la Virgen, que va desde la Puerta del Perd\u00f3n de la rom\u00e1nica Iglesia de Santiago de Villafranca hasta Valtuille de Arriba, donde el Camino cambia a calle, Calle Cantari\u00f1a\u2026<\/p>\n\n\n\n<p>Creemos en el respeto por el patrimonio vit\u00edcola del Bierzo, en que es posible la sostenibilidad del vi\u00f1edo y la bodega bas\u00e1ndonos en nuestros principios:<\/p>\n\n\n\n<div class=\"wp-block-columns is-layout-flex wp-container-core-columns-is-layout-9d6595d7 wp-block-columns-is-layout-flex\">\n<div class=\"wp-block-column is-layout-flow wp-block-column-is-layout-flow\"><div class=\"wp-block-image\">\n<figure class=\"aligncenter size-large is-resized\"><img loading=\"lazy\" decoding=\"async\" src=\"https:\/\/vinoscantarina.es\/wp-content\/uploads\/2021\/05\/terroir.png\" alt=\"\" class=\"wp-image-68\" width=\"157\" height=\"157\" srcset=\"https:\/\/vinoscantarina.es\/wp-content\/uploads\/2021\/05\/terroir.png 512w, https:\/\/vinoscantarina.es\/wp-content\/uploads\/2021\/05\/terroir-300x300.png 300w, https:\/\/vinoscantarina.es\/wp-content\/uploads\/2021\/05\/terroir-150x150.png 150w, https:\/\/vinoscantarina.es\/wp-content\/uploads\/2021\/05\/terroir-100x100.png 100w, https:\/\/vinoscantarina.es\/wp-content\/uploads\/2021\/05\/terroir-250x250.png 250w, https:\/\/vinoscantarina.es\/wp-content\/uploads\/2021\/05\/terroir-350x350.png 350w\" sizes=\"auto, (max-width: 157px) 100vw, 157px\" \/><figcaption class=\"wp-element-caption\"><strong>Amor por el terru\u00f1o<\/strong><br><br>Trabajamos vi\u00f1edos viejos y variedades aut\u00f3ctonas en ubicaciones privilegiadas del Bierzo<\/figcaption><\/figure>\n<\/div><\/div>\n\n\n\n<div class=\"wp-block-column is-layout-flow wp-block-column-is-layout-flow\"><div class=\"wp-block-image\">\n<figure class=\"aligncenter size-large is-resized\"><img loading=\"lazy\" decoding=\"async\" src=\"https:\/\/vinoscantarina.es\/wp-content\/uploads\/2021\/05\/eco.png\" alt=\"\" class=\"wp-image-67\" width=\"156\" height=\"156\" srcset=\"https:\/\/vinoscantarina.es\/wp-content\/uploads\/2021\/05\/eco.png 168w, https:\/\/vinoscantarina.es\/wp-content\/uploads\/2021\/05\/eco-150x150.png 150w, https:\/\/vinoscantarina.es\/wp-content\/uploads\/2021\/05\/eco-100x100.png 100w\" sizes=\"auto, (max-width: 156px) 100vw, 156px\" \/><figcaption class=\"wp-element-caption\"><strong>Cultivo ecol\u00f3gico<\/strong><br><a href=\"https:\/\/www.vinoscantarina.es\/qui%C3%A9nes-somos#h.p_LAOuf6DQHJaY\"><br><\/a>Cultivamos de forma \u200bartesanal, sostenible y ecol\u00f3gica sin pesticidas ni herbicidas, respetamos el ecosistema natural de la vi\u00f1a<\/figcaption><\/figure>\n<\/div><\/div>\n\n\n\n<div class=\"wp-block-column is-layout-flow wp-block-column-is-layout-flow\"><div class=\"wp-block-image\">\n<figure class=\"aligncenter size-large is-resized\"><img loading=\"lazy\" decoding=\"async\" src=\"https:\/\/vinoscantarina.es\/wp-content\/uploads\/2021\/05\/Authentic.jpg\" alt=\"\" class=\"wp-image-69\" width=\"149\" height=\"157\" srcset=\"https:\/\/vinoscantarina.es\/wp-content\/uploads\/2021\/05\/Authentic.jpg 674w, https:\/\/vinoscantarina.es\/wp-content\/uploads\/2021\/05\/Authentic-284x300.jpg 284w, https:\/\/vinoscantarina.es\/wp-content\/uploads\/2021\/05\/Authentic-350x369.jpg 350w\" sizes=\"auto, (max-width: 149px) 100vw, 149px\" \/><figcaption class=\"wp-element-caption\"><strong>Autenticidad<\/strong><a href=\"https:\/\/www.vinoscantarina.es\/qui%C3%A9nes-somos#h.p_4yELWzvnHec0\"><br><br><\/a>Elaboramos con m\u00ednima intervenci\u00f3n y levaduras aut\u00f3ctonas, dejando que el vino transmita el car\u00e1cter de nuestras vi\u00f1as<\/figcaption><\/figure>\n<\/div><\/div>\n<\/div>\n\n\n\n<div class=\"wp-block-columns is-layout-flex wp-container-core-columns-is-layout-9d6595d7 wp-block-columns-is-layout-flex\">\n<div class=\"wp-block-column is-layout-flow wp-block-column-is-layout-flow\"><div class=\"wp-block-image\">\n<figure class=\"aligncenter size-large is-resized\"><img loading=\"lazy\" decoding=\"async\" src=\"https:\/\/vinoscantarina.es\/wp-content\/uploads\/2021\/05\/balloons.png\" alt=\"\" class=\"wp-image-70\" width=\"147\" height=\"147\" srcset=\"https:\/\/vinoscantarina.es\/wp-content\/uploads\/2021\/05\/balloons.png 512w, https:\/\/vinoscantarina.es\/wp-content\/uploads\/2021\/05\/balloons-300x300.png 300w, https:\/\/vinoscantarina.es\/wp-content\/uploads\/2021\/05\/balloons-150x150.png 150w, https:\/\/vinoscantarina.es\/wp-content\/uploads\/2021\/05\/balloons-100x100.png 100w, https:\/\/vinoscantarina.es\/wp-content\/uploads\/2021\/05\/balloons-250x250.png 250w, https:\/\/vinoscantarina.es\/wp-content\/uploads\/2021\/05\/balloons-350x350.png 350w\" sizes=\"auto, (max-width: 147px) 100vw, 147px\" \/><figcaption class=\"wp-element-caption\"><strong>Vinos Disfrutables<\/strong><a href=\"https:\/\/www.vinoscantarina.es\/qui%C3%A9nes-somos#h.p_jcMPFEM1Hoxl\"><br><br><\/a>Queremos hacer vinos de parcelas singulares y de alta calidad, accesibles y disfrutables<\/figcaption><\/figure>\n<\/div><\/div>\n\n\n\n<div class=\"wp-block-column is-layout-flow wp-block-column-is-layout-flow\"><div class=\"wp-block-image\">\n<figure class=\"aligncenter size-large is-resized\"><img loading=\"lazy\" decoding=\"async\" src=\"https:\/\/vinoscantarina.es\/wp-content\/uploads\/2021\/05\/family.png\" alt=\"\" class=\"wp-image-71\" width=\"150\" height=\"150\" srcset=\"https:\/\/vinoscantarina.es\/wp-content\/uploads\/2021\/05\/family.png 512w, https:\/\/vinoscantarina.es\/wp-content\/uploads\/2021\/05\/family-300x300.png 300w, https:\/\/vinoscantarina.es\/wp-content\/uploads\/2021\/05\/family-150x150.png 150w, https:\/\/vinoscantarina.es\/wp-content\/uploads\/2021\/05\/family-100x100.png 100w, https:\/\/vinoscantarina.es\/wp-content\/uploads\/2021\/05\/family-250x250.png 250w, https:\/\/vinoscantarina.es\/wp-content\/uploads\/2021\/05\/family-350x350.png 350w\" sizes=\"auto, (max-width: 150px) 100vw, 150px\" \/><figcaption class=\"wp-element-caption\"><strong>Vinos de Familia<\/strong><br><a href=\"https:\/\/www.vinoscantarina.es\/qui%C3%A9nes-somos#h.p_Fc3djs-QeQmI\"><br><\/a>5 hermanos que se decidieron a recuperar el cultivo de vi\u00f1as centenarias de la familia con humildad y la sana intenci\u00f3n de volver a sentir el placer de dar de beber nuestro propio vino a los amigos\u200b\u200b<\/figcaption><\/figure>\n<\/div><\/div>\n<\/div>\n\n\n\n<figure class=\"wp-block-gallery has-nested-images columns-default is-cropped wp-block-gallery-1 is-layout-flex wp-block-gallery-is-layout-flex\">\n<figure class=\"wp-block-image size-large\"><img loading=\"lazy\" decoding=\"async\" width=\"1024\" height=\"1024\" data-id=\"316\" src=\"https:\/\/vinoscantarina.es\/wp-content\/uploads\/2021\/06\/Valdeobispo-Flores-1024x1024.jpg\" alt=\"Vi\u00f1a de Valdeobispo\" class=\"wp-image-316\" srcset=\"https:\/\/vinoscantarina.es\/wp-content\/uploads\/2021\/06\/Valdeobispo-Flores-1024x1024.jpg 1024w, https:\/\/vinoscantarina.es\/wp-content\/uploads\/2021\/06\/Valdeobispo-Flores-300x300.jpg 300w, https:\/\/vinoscantarina.es\/wp-content\/uploads\/2021\/06\/Valdeobispo-Flores-150x150.jpg 150w, https:\/\/vinoscantarina.es\/wp-content\/uploads\/2021\/06\/Valdeobispo-Flores-768x768.jpg 768w, https:\/\/vinoscantarina.es\/wp-content\/uploads\/2021\/06\/Valdeobispo-Flores-100x100.jpg 100w, https:\/\/vinoscantarina.es\/wp-content\/uploads\/2021\/06\/Valdeobispo-Flores.jpg 1440w\" sizes=\"auto, (max-width: 767px) 89vw, (max-width: 1000px) 54vw, (max-width: 1071px) 543px, 580px\" \/><figcaption class=\"wp-element-caption\">Valdeobispo (Paraje Valdeobispo)<\/figcaption><\/figure>\n\n\n\n<figure class=\"wp-block-image size-large\"><img loading=\"lazy\" decoding=\"async\" width=\"1024\" height=\"768\" data-id=\"317\" src=\"https:\/\/vinoscantarina.es\/wp-content\/uploads\/2021\/06\/Cotelo-1024x768.jpg\" alt=\"Vi\u00f1a del Cotelo\" class=\"wp-image-317\" srcset=\"https:\/\/vinoscantarina.es\/wp-content\/uploads\/2021\/06\/Cotelo-1024x768.jpg 1024w, https:\/\/vinoscantarina.es\/wp-content\/uploads\/2021\/06\/Cotelo-300x225.jpg 300w, https:\/\/vinoscantarina.es\/wp-content\/uploads\/2021\/06\/Cotelo-768x576.jpg 768w, https:\/\/vinoscantarina.es\/wp-content\/uploads\/2021\/06\/Cotelo-1536x1152.jpg 1536w, https:\/\/vinoscantarina.es\/wp-content\/uploads\/2021\/06\/Cotelo.jpg 2016w\" sizes=\"auto, (max-width: 767px) 89vw, (max-width: 1000px) 54vw, (max-width: 1071px) 543px, 580px\" \/><figcaption class=\"wp-element-caption\">Cabeza de Perro (Paraje El Cotelo)<\/figcaption><\/figure>\n\n\n\n<figure class=\"wp-block-image size-large\"><img loading=\"lazy\" decoding=\"async\" width=\"1024\" height=\"576\" data-id=\"318\" src=\"https:\/\/vinoscantarina.es\/wp-content\/uploads\/2021\/06\/Freita-1024x576.jpg\" alt=\"Vi\u00f1a de A Freita\" class=\"wp-image-318\" srcset=\"https:\/\/vinoscantarina.es\/wp-content\/uploads\/2021\/06\/Freita-1024x576.jpg 1024w, https:\/\/vinoscantarina.es\/wp-content\/uploads\/2021\/06\/Freita-300x169.jpg 300w, https:\/\/vinoscantarina.es\/wp-content\/uploads\/2021\/06\/Freita-768x432.jpg 768w, https:\/\/vinoscantarina.es\/wp-content\/uploads\/2021\/06\/Freita-1536x864.jpg 1536w, https:\/\/vinoscantarina.es\/wp-content\/uploads\/2021\/06\/Freita.jpg 1920w\" sizes=\"auto, (max-width: 767px) 89vw, (max-width: 1000px) 54vw, (max-width: 1071px) 543px, 580px\" \/><figcaption class=\"wp-element-caption\">Freita (Corull\u00f3n)<\/figcaption><\/figure>\n\n\n\n<figure class=\"wp-block-image size-large\"><img loading=\"lazy\" decoding=\"async\" width=\"904\" height=\"628\" data-id=\"315\" src=\"https:\/\/vinoscantarina.es\/wp-content\/uploads\/2021\/06\/Colina.jpg\" alt=\"Vi\u00f1a de los Pinos\" class=\"wp-image-315\" srcset=\"https:\/\/vinoscantarina.es\/wp-content\/uploads\/2021\/06\/Colina.jpg 904w, https:\/\/vinoscantarina.es\/wp-content\/uploads\/2021\/06\/Colina-300x208.jpg 300w, https:\/\/vinoscantarina.es\/wp-content\/uploads\/2021\/06\/Colina-768x534.jpg 768w\" sizes=\"auto, (max-width: 767px) 89vw, (max-width: 1000px) 54vw, (max-width: 1071px) 543px, 580px\" \/><figcaption class=\"wp-element-caption\">La Vi\u00f1a de los Pinos (Paraje Las Gundi\u00f1as)<\/figcaption><\/figure>\n<figcaption class=\"blocks-gallery-caption wp-element-caption\"><strong>Nuestras vi\u00f1as, el coraz\u00f3n de Cantari\u00f1a Vinos de Familia<\/strong><\/figcaption><\/figure>\n\n\n\n<hr class=\"wp-block-separator has-css-opacity\"\/>\n\n\n\n<p class=\"has-text-align-center\">Ven a conocerlas haciendo <a href=\"https:\/\/vinoscantarina.es\/index.php\/enoturismo\/\">Enoturismo<\/a> con nosotros<\/p>\n","protected":false},"excerpt":{"rendered":"<p>Cantari\u00f1a cuida con mimo 13 Ha de vi\u00f1edo repartidas en tres parajes sitos en el municipio de Villafranca del Bierzo y una \u00faltima adquisici\u00f3n: nuestro nuevo proyecto en A Freita, Corull\u00f3n. Nuestras vi\u00f1as de familia en Villafranca est\u00e1n en los parajes de El Cotelo, Valdeobispo (nombre de grato recuerdo familiar), y Vi\u00f1a de Los Pinos &hellip; <\/p>\n<p class=\"link-more\"><a href=\"https:\/\/vinoscantarina.es\/index.php\/sobre-nosotros\/\" class=\"more-link\">Continuar leyendo<span class=\"screen-reader-text\"> \u00abSobre Nosotros\u00bb<\/span><\/a><\/p>\n","protected":false},"author":1,"featured_media":65,"parent":0,"menu_order":0,"comment_status":"closed","ping_status":"closed","template":"","meta":{"footnotes":""},"class_list":["post-46","page","type-page","status-publish","has-post-thumbnail","hentry"],"yoast_head":"<!-- This site is optimized with the Yoast SEO plugin v27.4 - https:\/\/yoast.com\/product\/yoast-seo-wordpress\/ -->\n<title>Sobre Nosotros - Cantari\u00f1a Vinos de Familia - Nuestras Vi\u00f1as<\/title>\n<meta name=\"description\" content=\"Qui\u00e9nes somos los hermanos Ysart y nuestros principios y valores que nos hacen cultivar nuestras vi\u00f1as y elaborar los vinos de Cantari\u00f1a.\" \/>\n<meta name=\"robots\" content=\"index, follow, max-snippet:-1, max-image-preview:large, max-video-preview:-1\" \/>\n<link rel=\"canonical\" href=\"https:\/\/vinoscantarina.es\/index.php\/sobre-nosotros\/\" \/>\n<meta property=\"og:locale\" content=\"es_ES\" \/>\n<meta property=\"og:type\" content=\"article\" \/>\n<meta property=\"og:title\" content=\"Sobre Nosotros - Cantari\u00f1a Vinos de Familia - Nuestras Vi\u00f1as\" \/>\n<meta property=\"og:description\" content=\"Qui\u00e9nes somos los hermanos Ysart y nuestros principios y valores que nos hacen cultivar nuestras vi\u00f1as y elaborar los vinos de Cantari\u00f1a.\" \/>\n<meta property=\"og:url\" content=\"https:\/\/vinoscantarina.es\/index.php\/sobre-nosotros\/\" \/>\n<meta property=\"og:site_name\" content=\"Cantari\u00f1a Vinos de Familia\" \/>\n<meta property=\"article:modified_time\" content=\"2024-04-09T15:29:35+00:00\" \/>\n<meta property=\"og:image\" content=\"https:\/\/vinoscantarina.es\/wp-content\/uploads\/2021\/05\/f608d129-cff0-46d1-ad90-e8066a96b3eb-e1620680744499.jpg\" \/>\n\t<meta property=\"og:image:width\" content=\"1439\" \/>\n\t<meta property=\"og:image:height\" content=\"565\" \/>\n\t<meta property=\"og:image:type\" content=\"image\/jpeg\" \/>\n<meta name=\"twitter:label1\" content=\"Tiempo de lectura\" \/>\n\t<meta name=\"twitter:data1\" content=\"4 minutos\" \/>\n<script type=\"application\/ld+json\" class=\"yoast-schema-graph\">{\"@context\":\"https:\\\/\\\/schema.org\",\"@graph\":[{\"@type\":\"WebPage\",\"@id\":\"https:\\\/\\\/vinoscantarina.es\\\/index.php\\\/sobre-nosotros\\\/\",\"url\":\"https:\\\/\\\/vinoscantarina.es\\\/index.php\\\/sobre-nosotros\\\/\",\"name\":\"Sobre Nosotros - Cantari\u00f1a Vinos de Familia - Nuestras Vi\u00f1as\",\"isPartOf\":{\"@id\":\"https:\\\/\\\/vinoscantarina.es\\\/#website\"},\"primaryImageOfPage\":{\"@id\":\"https:\\\/\\\/vinoscantarina.es\\\/index.php\\\/sobre-nosotros\\\/#primaryimage\"},\"image\":{\"@id\":\"https:\\\/\\\/vinoscantarina.es\\\/index.php\\\/sobre-nosotros\\\/#primaryimage\"},\"thumbnailUrl\":\"https:\\\/\\\/vinoscantarina.es\\\/wp-content\\\/uploads\\\/2021\\\/05\\\/f608d129-cff0-46d1-ad90-e8066a96b3eb-e1620680744499.jpg\",\"datePublished\":\"2021-05-10T14:29:19+00:00\",\"dateModified\":\"2024-04-09T15:29:35+00:00\",\"description\":\"Qui\u00e9nes somos los hermanos Ysart y nuestros principios y valores que nos hacen cultivar nuestras vi\u00f1as y elaborar los vinos de Cantari\u00f1a.\",\"breadcrumb\":{\"@id\":\"https:\\\/\\\/vinoscantarina.es\\\/index.php\\\/sobre-nosotros\\\/#breadcrumb\"},\"inLanguage\":\"es\",\"potentialAction\":[{\"@type\":\"ReadAction\",\"target\":[\"https:\\\/\\\/vinoscantarina.es\\\/index.php\\\/sobre-nosotros\\\/\"]}]},{\"@type\":\"ImageObject\",\"inLanguage\":\"es\",\"@id\":\"https:\\\/\\\/vinoscantarina.es\\\/index.php\\\/sobre-nosotros\\\/#primaryimage\",\"url\":\"https:\\\/\\\/vinoscantarina.es\\\/wp-content\\\/uploads\\\/2021\\\/05\\\/f608d129-cff0-46d1-ad90-e8066a96b3eb-e1620680744499.jpg\",\"contentUrl\":\"https:\\\/\\\/vinoscantarina.es\\\/wp-content\\\/uploads\\\/2021\\\/05\\\/f608d129-cff0-46d1-ad90-e8066a96b3eb-e1620680744499.jpg\",\"width\":1439,\"height\":565},{\"@type\":\"BreadcrumbList\",\"@id\":\"https:\\\/\\\/vinoscantarina.es\\\/index.php\\\/sobre-nosotros\\\/#breadcrumb\",\"itemListElement\":[{\"@type\":\"ListItem\",\"position\":1,\"name\":\"Portada\",\"item\":\"https:\\\/\\\/vinoscantarina.es\\\/\"},{\"@type\":\"ListItem\",\"position\":2,\"name\":\"Sobre Nosotros\"}]},{\"@type\":\"WebSite\",\"@id\":\"https:\\\/\\\/vinoscantarina.es\\\/#website\",\"url\":\"https:\\\/\\\/vinoscantarina.es\\\/\",\"name\":\"Cantari\u00f1a Vinos de Familia\",\"description\":\"Vinos del Bierzo, Vinos para Disfrutar\",\"publisher\":{\"@id\":\"https:\\\/\\\/vinoscantarina.es\\\/#organization\"},\"potentialAction\":[{\"@type\":\"SearchAction\",\"target\":{\"@type\":\"EntryPoint\",\"urlTemplate\":\"https:\\\/\\\/vinoscantarina.es\\\/?s={search_term_string}\"},\"query-input\":{\"@type\":\"PropertyValueSpecification\",\"valueRequired\":true,\"valueName\":\"search_term_string\"}}],\"inLanguage\":\"es\"},{\"@type\":\"Organization\",\"@id\":\"https:\\\/\\\/vinoscantarina.es\\\/#organization\",\"name\":\"Cantari\u00f1a Vinos de Familia\",\"url\":\"https:\\\/\\\/vinoscantarina.es\\\/\",\"logo\":{\"@type\":\"ImageObject\",\"inLanguage\":\"es\",\"@id\":\"https:\\\/\\\/vinoscantarina.es\\\/#\\\/schema\\\/logo\\\/image\\\/\",\"url\":\"https:\\\/\\\/vinoscantarina.es\\\/wp-content\\\/uploads\\\/2021\\\/05\\\/cropped-Cantarina.png\",\"contentUrl\":\"https:\\\/\\\/vinoscantarina.es\\\/wp-content\\\/uploads\\\/2021\\\/05\\\/cropped-Cantarina.png\",\"width\":250,\"height\":250,\"caption\":\"Cantari\u00f1a Vinos de Familia\"},\"image\":{\"@id\":\"https:\\\/\\\/vinoscantarina.es\\\/#\\\/schema\\\/logo\\\/image\\\/\"}}]}<\/script>\n<!-- \/ Yoast SEO plugin. -->","yoast_head_json":{"title":"Sobre Nosotros - Cantari\u00f1a Vinos de Familia - Nuestras Vi\u00f1as","description":"Qui\u00e9nes somos los hermanos Ysart y nuestros principios y valores que nos hacen cultivar nuestras vi\u00f1as y elaborar los vinos de Cantari\u00f1a.","robots":{"index":"index","follow":"follow","max-snippet":"max-snippet:-1","max-image-preview":"max-image-preview:large","max-video-preview":"max-video-preview:-1"},"canonical":"https:\/\/vinoscantarina.es\/index.php\/sobre-nosotros\/","og_locale":"es_ES","og_type":"article","og_title":"Sobre Nosotros - Cantari\u00f1a Vinos de Familia - Nuestras Vi\u00f1as","og_description":"Qui\u00e9nes somos los hermanos Ysart y nuestros principios y valores que nos hacen cultivar nuestras vi\u00f1as y elaborar los vinos de Cantari\u00f1a.","og_url":"https:\/\/vinoscantarina.es\/index.php\/sobre-nosotros\/","og_site_name":"Cantari\u00f1a Vinos de Familia","article_modified_time":"2024-04-09T15:29:35+00:00","og_image":[{"width":1439,"height":565,"url":"https:\/\/vinoscantarina.es\/wp-content\/uploads\/2021\/05\/f608d129-cff0-46d1-ad90-e8066a96b3eb-e1620680744499.jpg","type":"image\/jpeg"}],"twitter_misc":{"Tiempo de lectura":"4 minutos"},"schema":{"@context":"https:\/\/schema.org","@graph":[{"@type":"WebPage","@id":"https:\/\/vinoscantarina.es\/index.php\/sobre-nosotros\/","url":"https:\/\/vinoscantarina.es\/index.php\/sobre-nosotros\/","name":"Sobre Nosotros - Cantari\u00f1a Vinos de Familia - Nuestras Vi\u00f1as","isPartOf":{"@id":"https:\/\/vinoscantarina.es\/#website"},"primaryImageOfPage":{"@id":"https:\/\/vinoscantarina.es\/index.php\/sobre-nosotros\/#primaryimage"},"image":{"@id":"https:\/\/vinoscantarina.es\/index.php\/sobre-nosotros\/#primaryimage"},"thumbnailUrl":"https:\/\/vinoscantarina.es\/wp-content\/uploads\/2021\/05\/f608d129-cff0-46d1-ad90-e8066a96b3eb-e1620680744499.jpg","datePublished":"2021-05-10T14:29:19+00:00","dateModified":"2024-04-09T15:29:35+00:00","description":"Qui\u00e9nes somos los hermanos Ysart y nuestros principios y valores que nos hacen cultivar nuestras vi\u00f1as y elaborar los vinos de Cantari\u00f1a.","breadcrumb":{"@id":"https:\/\/vinoscantarina.es\/index.php\/sobre-nosotros\/#breadcrumb"},"inLanguage":"es","potentialAction":[{"@type":"ReadAction","target":["https:\/\/vinoscantarina.es\/index.php\/sobre-nosotros\/"]}]},{"@type":"ImageObject","inLanguage":"es","@id":"https:\/\/vinoscantarina.es\/index.php\/sobre-nosotros\/#primaryimage","url":"https:\/\/vinoscantarina.es\/wp-content\/uploads\/2021\/05\/f608d129-cff0-46d1-ad90-e8066a96b3eb-e1620680744499.jpg","contentUrl":"https:\/\/vinoscantarina.es\/wp-content\/uploads\/2021\/05\/f608d129-cff0-46d1-ad90-e8066a96b3eb-e1620680744499.jpg","width":1439,"height":565},{"@type":"BreadcrumbList","@id":"https:\/\/vinoscantarina.es\/index.php\/sobre-nosotros\/#breadcrumb","itemListElement":[{"@type":"ListItem","position":1,"name":"Portada","item":"https:\/\/vinoscantarina.es\/"},{"@type":"ListItem","position":2,"name":"Sobre Nosotros"}]},{"@type":"WebSite","@id":"https:\/\/vinoscantarina.es\/#website","url":"https:\/\/vinoscantarina.es\/","name":"Cantari\u00f1a Vinos de Familia","description":"Vinos del Bierzo, Vinos para Disfrutar","publisher":{"@id":"https:\/\/vinoscantarina.es\/#organization"},"potentialAction":[{"@type":"SearchAction","target":{"@type":"EntryPoint","urlTemplate":"https:\/\/vinoscantarina.es\/?s={search_term_string}"},"query-input":{"@type":"PropertyValueSpecification","valueRequired":true,"valueName":"search_term_string"}}],"inLanguage":"es"},{"@type":"Organization","@id":"https:\/\/vinoscantarina.es\/#organization","name":"Cantari\u00f1a Vinos de Familia","url":"https:\/\/vinoscantarina.es\/","logo":{"@type":"ImageObject","inLanguage":"es","@id":"https:\/\/vinoscantarina.es\/#\/schema\/logo\/image\/","url":"https:\/\/vinoscantarina.es\/wp-content\/uploads\/2021\/05\/cropped-Cantarina.png","contentUrl":"https:\/\/vinoscantarina.es\/wp-content\/uploads\/2021\/05\/cropped-Cantarina.png","width":250,"height":250,"caption":"Cantari\u00f1a Vinos de Familia"},"image":{"@id":"https:\/\/vinoscantarina.es\/#\/schema\/logo\/image\/"}}]}},"_links":{"self":[{"href":"https:\/\/vinoscantarina.es\/index.php\/wp-json\/wp\/v2\/pages\/46","targetHints":{"allow":["GET"]}}],"collection":[{"href":"https:\/\/vinoscantarina.es\/index.php\/wp-json\/wp\/v2\/pages"}],"about":[{"href":"https:\/\/vinoscantarina.es\/index.php\/wp-json\/wp\/v2\/types\/page"}],"author":[{"embeddable":true,"href":"https:\/\/vinoscantarina.es\/index.php\/wp-json\/wp\/v2\/users\/1"}],"replies":[{"embeddable":true,"href":"https:\/\/vinoscantarina.es\/index.php\/wp-json\/wp\/v2\/comments?post=46"}],"version-history":[{"count":10,"href":"https:\/\/vinoscantarina.es\/index.php\/wp-json\/wp\/v2\/pages\/46\/revisions"}],"predecessor-version":[{"id":476,"href":"https:\/\/vinoscantarina.es\/index.php\/wp-json\/wp\/v2\/pages\/46\/revisions\/476"}],"wp:featuredmedia":[{"embeddable":true,"href":"https:\/\/vinoscantarina.es\/index.php\/wp-json\/wp\/v2\/media\/65"}],"wp:attachment":[{"href":"https:\/\/vinoscantarina.es\/index.php\/wp-json\/wp\/v2\/media?parent=46"}],"curies":[{"name":"wp","href":"https:\/\/api.w.org\/{rel}","templated":true}]}}