{"id":466,"date":"2022-11-30T10:29:12","date_gmt":"2022-11-30T10:29:12","guid":{"rendered":"https:\/\/vinoscantarina.es\/?page_id=466"},"modified":"2026-03-30T11:39:04","modified_gmt":"2026-03-30T11:39:04","slug":"cantarina-7-a-freita-2021-2","status":"publish","type":"page","link":"https:\/\/vinoscantarina.es\/index.php\/en\/cantarina-7-a-freita-2021-2\/","title":{"rendered":"Cantari\u00f1a 7 A Freita 2023"},"content":{"rendered":"\n<div class=\"wp-block-columns is-layout-flex wp-container-core-columns-is-layout-9d6595d7 wp-block-columns-is-layout-flex\">\n<div class=\"wp-block-column is-layout-flow wp-block-column-is-layout-flow\" style=\"flex-basis:33.33%\">\n<figure class=\"wp-block-image size-large\"><img loading=\"lazy\" decoding=\"async\" width=\"682\" height=\"1024\" src=\"https:\/\/vinoscantarina.es\/wp-content\/uploads\/2025\/01\/7-Cantarina-A-Freita-Photoroom-682x1024.png\" alt=\"\" class=\"wp-image-650\" srcset=\"https:\/\/vinoscantarina.es\/wp-content\/uploads\/2025\/01\/7-Cantarina-A-Freita-Photoroom-682x1024.png 682w, https:\/\/vinoscantarina.es\/wp-content\/uploads\/2025\/01\/7-Cantarina-A-Freita-Photoroom-200x300.png 200w, https:\/\/vinoscantarina.es\/wp-content\/uploads\/2025\/01\/7-Cantarina-A-Freita-Photoroom-768x1152.png 768w, https:\/\/vinoscantarina.es\/wp-content\/uploads\/2025\/01\/7-Cantarina-A-Freita-Photoroom.png 853w\" sizes=\"auto, (max-width: 682px) 100vw, 682px\" \/><\/figure>\n<\/div>\n\n\n\n<div class=\"wp-block-column is-layout-flow wp-block-column-is-layout-flow\" style=\"flex-basis:66.66%\">\n<p>Our latest project is born in the canyon of river Burbia between Corull\u00f3n and Otero where vineyards have a slope steeper than in any other area in Bierzo. Our vineyard in A Freita, with 66% slope and slate soils presents a truly challenging terrain to fam, but also a pure and heroic settlement where vines have grown or centuries and speak about terroir above all.<\/p>\n\n\n\n<p>A field blend of Menc\u00eda and Palomino from vines planted in 1910 that defy the harshest conditions to express minerality and lightness alongside the floral combination of the two main varieties in Bierzo century-old vineyards.<\/p>\n<\/div>\n<\/div>\n\n\n\n<div class=\"wp-block-cover is-light\"><img loading=\"lazy\" decoding=\"async\" width=\"1920\" height=\"1080\" class=\"wp-block-cover__image-background wp-image-460\" alt=\"\" src=\"https:\/\/vinoscantarina.es\/wp-content\/uploads\/2022\/11\/Freita.jpg\" data-object-fit=\"cover\" srcset=\"https:\/\/vinoscantarina.es\/wp-content\/uploads\/2022\/11\/Freita.jpg 1920w, https:\/\/vinoscantarina.es\/wp-content\/uploads\/2022\/11\/Freita-300x169.jpg 300w, https:\/\/vinoscantarina.es\/wp-content\/uploads\/2022\/11\/Freita-1024x576.jpg 1024w, https:\/\/vinoscantarina.es\/wp-content\/uploads\/2022\/11\/Freita-768x432.jpg 768w, https:\/\/vinoscantarina.es\/wp-content\/uploads\/2022\/11\/Freita-1536x864.jpg 1536w\" sizes=\"auto, (max-width: 767px) 89vw, (max-width: 1000px) 54vw, (max-width: 1071px) 543px, 580px\" \/><span aria-hidden=\"true\" class=\"wp-block-cover__background has-background-dim-20 has-background-dim\"><\/span><div class=\"wp-block-cover__inner-container is-layout-flow wp-block-cover-is-layout-flow\">\n<p class=\"has-white-color has-text-color\">Technical Information<\/p>\n\n\n\n<p class=\"has-white-color has-text-color has-small-font-size\">&#8211; Vintage: 2023<br>&#8211; Grape Variety: 85% Menc\u00eda, 13% Palomino, 2% Merenzao<br>&#8211; Field blend Wine: 0.4 hectares in 2 vineyards in Corull\u00f3n<br>&#8211; DO Bierzo, Vino de Paraje: A Freita<br>&#8211; Orientation: East and NorthEast, Elevation: 550 &#8211; 650m<br>&#8211; Soils: Slate, sand and quartzite<br>&#8211; Harvest date: 13th September 2022<br>&#8211; Production: 1152 bottles<br>&#8211; Alcohol: 13.5 %<\/p>\n\n\n\n<p class=\"has-text-align-right has-white-color has-text-color has-normal-font-size\"><strong>Tasting Notes<\/strong> A Freita 2023<\/p>\n\n\n\n<p class=\"has-text-align-right has-white-color has-text-color has-normal-font-size\">Tim Atkin 96 points, 94 Gu\u00eda Pe\u00f1\u00edn, 92 Robert Parker<\/p>\n\n\n\n<p class=\"has-text-align-right has-white-color has-text-color has-normal-font-size\"><em>\u00ab<\/em>With a 66% degree slope and slate soils, this tiny, high-altitude vineyard between Corull\u00f3n and Otero is a truly difficult terrain but produces this wonderful Menc\u00eda with a touch of Palomino, Godello and Merenzao. Fermented in stainless steel followed by a year in 500L used French oak, it shows a defined mountain freshness. Raspberry, sour cherry and pomegranate fruit aromas combine with cola and liquorice, leading to a steely, herbal palate with remarkable drive. Light on its feet yet powerful, this wine speaks to the extremes of its origins.\u00bb<\/p>\n\n\n\n<p class=\"has-text-align-right has-white-color has-text-color has-normal-font-size\"><em>e\u00bb.<\/em><\/p>\n<\/div><\/div>\n","protected":false},"excerpt":{"rendered":"<p>Our latest project is born in the canyon of river Burbia between Corull\u00f3n and Otero where vineyards have a slope steeper than in any other area in Bierzo. Our vineyard in A Freita, with 66% slope and slate soils presents a truly challenging terrain to fam, but also a pure and heroic settlement where vines &hellip; <\/p>\n<p class=\"link-more\"><a href=\"https:\/\/vinoscantarina.es\/index.php\/en\/cantarina-7-a-freita-2021-2\/\" class=\"more-link\">Continuar leyendo<span class=\"screen-reader-text\"> \u00abCantari\u00f1a 7 A Freita 2023\u00bb<\/span><\/a><\/p>\n","protected":false},"author":1,"featured_media":0,"parent":0,"menu_order":0,"comment_status":"closed","ping_status":"closed","template":"","meta":{"footnotes":""},"class_list":["post-466","page","type-page","status-publish","hentry"],"yoast_head":"<!-- This site is optimized with the Yoast SEO plugin v27.4 - https:\/\/yoast.com\/product\/yoast-seo-wordpress\/ -->\n<title>Cantari\u00f1a 7 A Freita 2023 - Cantari\u00f1a Vinos de Familia<\/title>\n<meta name=\"robots\" content=\"index, follow, max-snippet:-1, max-image-preview:large, max-video-preview:-1\" \/>\n<link rel=\"canonical\" href=\"https:\/\/vinoscantarina.es\/index.php\/en\/cantarina-7-a-freita-2021-2\/\" \/>\n<meta property=\"og:locale\" content=\"es_ES\" \/>\n<meta property=\"og:type\" content=\"article\" \/>\n<meta property=\"og:title\" content=\"Cantari\u00f1a 7 A Freita 2023 - Cantari\u00f1a Vinos de Familia\" \/>\n<meta property=\"og:description\" content=\"Our latest project is born in the canyon of river Burbia between Corull\u00f3n and Otero where vineyards have a slope steeper than in any other area in Bierzo. Our vineyard in A Freita, with 66% slope and slate soils presents a truly challenging terrain to fam, but also a pure and heroic settlement where vines &hellip; Continuar leyendo &quot;Cantari\u00f1a 7 A Freita 2023&quot;\" \/>\n<meta property=\"og:url\" content=\"https:\/\/vinoscantarina.es\/index.php\/en\/cantarina-7-a-freita-2021-2\/\" \/>\n<meta property=\"og:site_name\" content=\"Cantari\u00f1a Vinos de Familia\" \/>\n<meta property=\"article:modified_time\" content=\"2026-03-30T11:39:04+00:00\" \/>\n<meta property=\"og:image\" content=\"https:\/\/vinoscantarina.es\/wp-content\/uploads\/2025\/01\/7-Cantarina-A-Freita-Photoroom.png\" \/>\n\t<meta property=\"og:image:width\" content=\"853\" \/>\n\t<meta property=\"og:image:height\" content=\"1280\" \/>\n\t<meta property=\"og:image:type\" content=\"image\/png\" \/>\n<meta name=\"twitter:label1\" content=\"Tiempo de lectura\" \/>\n\t<meta name=\"twitter:data1\" content=\"2 minutos\" \/>\n<script type=\"application\/ld+json\" class=\"yoast-schema-graph\">{\"@context\":\"https:\\\/\\\/schema.org\",\"@graph\":[{\"@type\":\"WebPage\",\"@id\":\"https:\\\/\\\/vinoscantarina.es\\\/index.php\\\/en\\\/cantarina-7-a-freita-2021-2\\\/\",\"url\":\"https:\\\/\\\/vinoscantarina.es\\\/index.php\\\/en\\\/cantarina-7-a-freita-2021-2\\\/\",\"name\":\"Cantari\u00f1a 7 A Freita 2023 - Cantari\u00f1a Vinos de Familia\",\"isPartOf\":{\"@id\":\"https:\\\/\\\/vinoscantarina.es\\\/#website\"},\"primaryImageOfPage\":{\"@id\":\"https:\\\/\\\/vinoscantarina.es\\\/index.php\\\/en\\\/cantarina-7-a-freita-2021-2\\\/#primaryimage\"},\"image\":{\"@id\":\"https:\\\/\\\/vinoscantarina.es\\\/index.php\\\/en\\\/cantarina-7-a-freita-2021-2\\\/#primaryimage\"},\"thumbnailUrl\":\"https:\\\/\\\/vinoscantarina.es\\\/wp-content\\\/uploads\\\/2025\\\/01\\\/7-Cantarina-A-Freita-Photoroom-682x1024.png\",\"datePublished\":\"2022-11-30T10:29:12+00:00\",\"dateModified\":\"2026-03-30T11:39:04+00:00\",\"breadcrumb\":{\"@id\":\"https:\\\/\\\/vinoscantarina.es\\\/index.php\\\/en\\\/cantarina-7-a-freita-2021-2\\\/#breadcrumb\"},\"inLanguage\":\"es\",\"potentialAction\":[{\"@type\":\"ReadAction\",\"target\":[\"https:\\\/\\\/vinoscantarina.es\\\/index.php\\\/en\\\/cantarina-7-a-freita-2021-2\\\/\"]}]},{\"@type\":\"ImageObject\",\"inLanguage\":\"es\",\"@id\":\"https:\\\/\\\/vinoscantarina.es\\\/index.php\\\/en\\\/cantarina-7-a-freita-2021-2\\\/#primaryimage\",\"url\":\"https:\\\/\\\/vinoscantarina.es\\\/wp-content\\\/uploads\\\/2025\\\/01\\\/7-Cantarina-A-Freita-Photoroom.png\",\"contentUrl\":\"https:\\\/\\\/vinoscantarina.es\\\/wp-content\\\/uploads\\\/2025\\\/01\\\/7-Cantarina-A-Freita-Photoroom.png\",\"width\":853,\"height\":1280},{\"@type\":\"BreadcrumbList\",\"@id\":\"https:\\\/\\\/vinoscantarina.es\\\/index.php\\\/en\\\/cantarina-7-a-freita-2021-2\\\/#breadcrumb\",\"itemListElement\":[{\"@type\":\"ListItem\",\"position\":1,\"name\":\"Portada\",\"item\":\"https:\\\/\\\/vinoscantarina.es\\\/\"},{\"@type\":\"ListItem\",\"position\":2,\"name\":\"Cantari\u00f1a 7 A Freita 2023\"}]},{\"@type\":\"WebSite\",\"@id\":\"https:\\\/\\\/vinoscantarina.es\\\/#website\",\"url\":\"https:\\\/\\\/vinoscantarina.es\\\/\",\"name\":\"Cantari\u00f1a Vinos de Familia\",\"description\":\"Vinos del Bierzo, Vinos para Disfrutar\",\"publisher\":{\"@id\":\"https:\\\/\\\/vinoscantarina.es\\\/#organization\"},\"potentialAction\":[{\"@type\":\"SearchAction\",\"target\":{\"@type\":\"EntryPoint\",\"urlTemplate\":\"https:\\\/\\\/vinoscantarina.es\\\/?s={search_term_string}\"},\"query-input\":{\"@type\":\"PropertyValueSpecification\",\"valueRequired\":true,\"valueName\":\"search_term_string\"}}],\"inLanguage\":\"es\"},{\"@type\":\"Organization\",\"@id\":\"https:\\\/\\\/vinoscantarina.es\\\/#organization\",\"name\":\"Cantari\u00f1a Vinos de Familia\",\"url\":\"https:\\\/\\\/vinoscantarina.es\\\/\",\"logo\":{\"@type\":\"ImageObject\",\"inLanguage\":\"es\",\"@id\":\"https:\\\/\\\/vinoscantarina.es\\\/#\\\/schema\\\/logo\\\/image\\\/\",\"url\":\"https:\\\/\\\/vinoscantarina.es\\\/wp-content\\\/uploads\\\/2021\\\/05\\\/cropped-Cantarina.png\",\"contentUrl\":\"https:\\\/\\\/vinoscantarina.es\\\/wp-content\\\/uploads\\\/2021\\\/05\\\/cropped-Cantarina.png\",\"width\":250,\"height\":250,\"caption\":\"Cantari\u00f1a Vinos de Familia\"},\"image\":{\"@id\":\"https:\\\/\\\/vinoscantarina.es\\\/#\\\/schema\\\/logo\\\/image\\\/\"}}]}<\/script>\n<!-- \/ Yoast SEO plugin. -->","yoast_head_json":{"title":"Cantari\u00f1a 7 A Freita 2023 - Cantari\u00f1a Vinos de Familia","robots":{"index":"index","follow":"follow","max-snippet":"max-snippet:-1","max-image-preview":"max-image-preview:large","max-video-preview":"max-video-preview:-1"},"canonical":"https:\/\/vinoscantarina.es\/index.php\/en\/cantarina-7-a-freita-2021-2\/","og_locale":"es_ES","og_type":"article","og_title":"Cantari\u00f1a 7 A Freita 2023 - Cantari\u00f1a Vinos de Familia","og_description":"Our latest project is born in the canyon of river Burbia between Corull\u00f3n and Otero where vineyards have a slope steeper than in any other area in Bierzo. Our vineyard in A Freita, with 66% slope and slate soils presents a truly challenging terrain to fam, but also a pure and heroic settlement where vines &hellip; Continuar leyendo \"Cantari\u00f1a 7 A Freita 2023\"","og_url":"https:\/\/vinoscantarina.es\/index.php\/en\/cantarina-7-a-freita-2021-2\/","og_site_name":"Cantari\u00f1a Vinos de Familia","article_modified_time":"2026-03-30T11:39:04+00:00","og_image":[{"width":853,"height":1280,"url":"https:\/\/vinoscantarina.es\/wp-content\/uploads\/2025\/01\/7-Cantarina-A-Freita-Photoroom.png","type":"image\/png"}],"twitter_misc":{"Tiempo de lectura":"2 minutos"},"schema":{"@context":"https:\/\/schema.org","@graph":[{"@type":"WebPage","@id":"https:\/\/vinoscantarina.es\/index.php\/en\/cantarina-7-a-freita-2021-2\/","url":"https:\/\/vinoscantarina.es\/index.php\/en\/cantarina-7-a-freita-2021-2\/","name":"Cantari\u00f1a 7 A Freita 2023 - Cantari\u00f1a Vinos de Familia","isPartOf":{"@id":"https:\/\/vinoscantarina.es\/#website"},"primaryImageOfPage":{"@id":"https:\/\/vinoscantarina.es\/index.php\/en\/cantarina-7-a-freita-2021-2\/#primaryimage"},"image":{"@id":"https:\/\/vinoscantarina.es\/index.php\/en\/cantarina-7-a-freita-2021-2\/#primaryimage"},"thumbnailUrl":"https:\/\/vinoscantarina.es\/wp-content\/uploads\/2025\/01\/7-Cantarina-A-Freita-Photoroom-682x1024.png","datePublished":"2022-11-30T10:29:12+00:00","dateModified":"2026-03-30T11:39:04+00:00","breadcrumb":{"@id":"https:\/\/vinoscantarina.es\/index.php\/en\/cantarina-7-a-freita-2021-2\/#breadcrumb"},"inLanguage":"es","potentialAction":[{"@type":"ReadAction","target":["https:\/\/vinoscantarina.es\/index.php\/en\/cantarina-7-a-freita-2021-2\/"]}]},{"@type":"ImageObject","inLanguage":"es","@id":"https:\/\/vinoscantarina.es\/index.php\/en\/cantarina-7-a-freita-2021-2\/#primaryimage","url":"https:\/\/vinoscantarina.es\/wp-content\/uploads\/2025\/01\/7-Cantarina-A-Freita-Photoroom.png","contentUrl":"https:\/\/vinoscantarina.es\/wp-content\/uploads\/2025\/01\/7-Cantarina-A-Freita-Photoroom.png","width":853,"height":1280},{"@type":"BreadcrumbList","@id":"https:\/\/vinoscantarina.es\/index.php\/en\/cantarina-7-a-freita-2021-2\/#breadcrumb","itemListElement":[{"@type":"ListItem","position":1,"name":"Portada","item":"https:\/\/vinoscantarina.es\/"},{"@type":"ListItem","position":2,"name":"Cantari\u00f1a 7 A Freita 2023"}]},{"@type":"WebSite","@id":"https:\/\/vinoscantarina.es\/#website","url":"https:\/\/vinoscantarina.es\/","name":"Cantari\u00f1a Vinos de Familia","description":"Vinos del Bierzo, Vinos para Disfrutar","publisher":{"@id":"https:\/\/vinoscantarina.es\/#organization"},"potentialAction":[{"@type":"SearchAction","target":{"@type":"EntryPoint","urlTemplate":"https:\/\/vinoscantarina.es\/?s={search_term_string}"},"query-input":{"@type":"PropertyValueSpecification","valueRequired":true,"valueName":"search_term_string"}}],"inLanguage":"es"},{"@type":"Organization","@id":"https:\/\/vinoscantarina.es\/#organization","name":"Cantari\u00f1a Vinos de Familia","url":"https:\/\/vinoscantarina.es\/","logo":{"@type":"ImageObject","inLanguage":"es","@id":"https:\/\/vinoscantarina.es\/#\/schema\/logo\/image\/","url":"https:\/\/vinoscantarina.es\/wp-content\/uploads\/2021\/05\/cropped-Cantarina.png","contentUrl":"https:\/\/vinoscantarina.es\/wp-content\/uploads\/2021\/05\/cropped-Cantarina.png","width":250,"height":250,"caption":"Cantari\u00f1a Vinos de Familia"},"image":{"@id":"https:\/\/vinoscantarina.es\/#\/schema\/logo\/image\/"}}]}},"_links":{"self":[{"href":"https:\/\/vinoscantarina.es\/index.php\/wp-json\/wp\/v2\/pages\/466","targetHints":{"allow":["GET"]}}],"collection":[{"href":"https:\/\/vinoscantarina.es\/index.php\/wp-json\/wp\/v2\/pages"}],"about":[{"href":"https:\/\/vinoscantarina.es\/index.php\/wp-json\/wp\/v2\/types\/page"}],"author":[{"embeddable":true,"href":"https:\/\/vinoscantarina.es\/index.php\/wp-json\/wp\/v2\/users\/1"}],"replies":[{"embeddable":true,"href":"https:\/\/vinoscantarina.es\/index.php\/wp-json\/wp\/v2\/comments?post=466"}],"version-history":[{"count":4,"href":"https:\/\/vinoscantarina.es\/index.php\/wp-json\/wp\/v2\/pages\/466\/revisions"}],"predecessor-version":[{"id":709,"href":"https:\/\/vinoscantarina.es\/index.php\/wp-json\/wp\/v2\/pages\/466\/revisions\/709"}],"wp:attachment":[{"href":"https:\/\/vinoscantarina.es\/index.php\/wp-json\/wp\/v2\/media?parent=466"}],"curies":[{"name":"wp","href":"https:\/\/api.w.org\/{rel}","templated":true}]}}