{"id":676,"date":"2025-12-09T12:50:18","date_gmt":"2025-12-09T12:50:18","guid":{"rendered":"https:\/\/vinoscantarina.es\/?page_id=676"},"modified":"2025-12-09T13:25:31","modified_gmt":"2025-12-09T13:25:31","slug":"cantarina-villafranca-godello","status":"publish","type":"page","link":"https:\/\/vinoscantarina.es\/index.php\/cantarina-villafranca-godello\/","title":{"rendered":"Cantari\u00f1a Villafranca Godello"},"content":{"rendered":"\n<div class=\"wp-block-cover wp-duotone-00d084-fff278-1\"><img loading=\"lazy\" decoding=\"async\" width=\"1024\" height=\"724\" class=\"wp-block-cover__image-background wp-image-576\" alt=\"\" src=\"https:\/\/vinoscantarina.es\/wp-content\/uploads\/2024\/12\/dibujovillafrancavector-1024x724.png\" data-object-fit=\"cover\" srcset=\"https:\/\/vinoscantarina.es\/wp-content\/uploads\/2024\/12\/dibujovillafrancavector-1024x724.png 1024w, https:\/\/vinoscantarina.es\/wp-content\/uploads\/2024\/12\/dibujovillafrancavector-300x212.png 300w, https:\/\/vinoscantarina.es\/wp-content\/uploads\/2024\/12\/dibujovillafrancavector-768x543.png 768w, https:\/\/vinoscantarina.es\/wp-content\/uploads\/2024\/12\/dibujovillafrancavector-1536x1086.png 1536w, https:\/\/vinoscantarina.es\/wp-content\/uploads\/2024\/12\/dibujovillafrancavector-2048x1448.png 2048w\" sizes=\"auto, (max-width: 767px) 89vw, (max-width: 1000px) 54vw, (max-width: 1071px) 543px, 580px\" \/><span aria-hidden=\"true\" class=\"wp-block-cover__background has-background-dim\"><\/span><div class=\"wp-block-cover__inner-container is-layout-flow wp-block-cover-is-layout-flow\">\n<p class=\"has-text-align-center has-medium-font-size\">Incorporamos nuestro otro Vino de Villa&#8230; Cantari\u00f1a Villafranca Godello expresa el potencial de la uva Godello desde el m\u00e1ximo respeto por su cultivo y elaboraci\u00f3n, en un vino blanco merecedor de llevar el nombre del pueblo donde nace Cantari\u00f1a, y recoger la identidad de las laderas de Valtuille y Villafranca donde la cultivamos.<\/p>\n<\/div><\/div>\n\n\n\n<hr class=\"wp-block-separator has-alpha-channel-opacity\"\/>\n\n\n\n<div class=\"wp-block-cover\"><img loading=\"lazy\" decoding=\"async\" width=\"1024\" height=\"768\" class=\"wp-block-cover__image-background wp-image-677 size-large\" alt=\"\" src=\"https:\/\/vinoscantarina.es\/wp-content\/uploads\/2025\/12\/IMG_7645-1024x768.jpg\" data-object-fit=\"cover\" srcset=\"https:\/\/vinoscantarina.es\/wp-content\/uploads\/2025\/12\/IMG_7645-1024x768.jpg 1024w, https:\/\/vinoscantarina.es\/wp-content\/uploads\/2025\/12\/IMG_7645-300x225.jpg 300w, https:\/\/vinoscantarina.es\/wp-content\/uploads\/2025\/12\/IMG_7645-768x576.jpg 768w, https:\/\/vinoscantarina.es\/wp-content\/uploads\/2025\/12\/IMG_7645-1536x1152.jpg 1536w, https:\/\/vinoscantarina.es\/wp-content\/uploads\/2025\/12\/IMG_7645-2048x1536.jpg 2048w\" sizes=\"auto, (max-width: 767px) 89vw, (max-width: 1000px) 54vw, (max-width: 1071px) 543px, 580px\" \/><span aria-hidden=\"true\" class=\"wp-block-cover__background has-background-dim-20 has-background-dim\" style=\"background-color:#7b885b\"><\/span><div class=\"wp-block-cover__inner-container is-layout-flow wp-block-cover-is-layout-flow\">\n<ul class=\"wp-block-list has-white-color has-text-color has-normal-font-size\">\n<li>Informaci\u00f3n T\u00e9cnica Cantari\u00f1a Villafranca Godello 2024\n<ul class=\"wp-block-list\">\n<li class=\"has-small-font-size\">DO Bierzo, Vino de Villa de Villafranca del Bierzo <\/li>\n\n\n\n<li><small>Parcelas: Las Gundi\u00f1as y Valdeobispo <\/small><\/li>\n\n\n\n<li><small>Godello, orientaciones Sur y Sureste <\/small><\/li>\n\n\n\n<li><small>Suelos: Arcillosos y arcillo calc\u00e1reos con arena y cuarcitas <\/small><\/li>\n\n\n\n<li class=\"has-small-font-size\">Altitud: 525-600 m.<\/li>\n\n\n\n<li class=\"has-small-font-size\">Vendimia manual. Maceraci\u00f3n pelicular y prensado suave, desfangado est\u00e1tico. Fermentaci\u00f3n espont\u00e1nea en barricas usadas de 500 y 225 litros de roble franc\u00e9s. Crianza est\u00e1tica sobre l\u00edas 11 meses en las mismas barricas. Posterior ensamblaje de las distintas parcelas al finalizar la misma.<\/li>\n\n\n\n<li class=\"has-small-font-size\">alc. by Vol: 13.5<\/li>\n\n\n\n<li class=\"has-small-font-size\">Certificado ECO<\/li>\n\n\n\n<li class=\"has-small-font-size\">Se embotellaron 2,412 botellas en noviembre de 2025<\/li>\n<\/ul>\n<\/li>\n<\/ul>\n\n\n\n<p class=\"has-text-align-right has-white-color has-text-color has-normal-font-size\"><strong>Notas de Cata Villafranca Godello 2024<\/strong><\/p>\n\n\n\n<p class=\"has-text-align-right has-white-color has-text-color\">Color amarillo dorado limpio y brillante. Este vino de villa tiene un equilibrio entre su car\u00e1cter frutal y la complejidad y estructura de la fermentaci\u00f3n en barrica. Toques de manzana, flores blancas, y c\u00edtricos que sobresalen a una madera muy bien integrada. Un vino redondo y largo, con la frescura caracter\u00edstica de la variedad y de nuestra tierra. Franca evoluci\u00f3n en botella abierta que aporta matices de flores secas y sapidez.<\/p>\n\n\n\n<p class=\"has-text-align-right has-white-color has-text-color\">Es un vino gastron\u00f3mico que resume el potencial de la variedad en El Bierzo. Muy disfrutable, con buen equilibrio y capacidad de guarda.<\/p>\n<\/div><\/div>\n\n\n\n<hr class=\"wp-block-separator has-alpha-channel-opacity\"\/>\n\n\n<!-- Ecwid shopping cart plugin v 6.12.12 --><!--noptimize--><script type=\"text\/javascript\">if (typeof jQuery !== undefined && jQuery.mobile) { jQuery.mobile.hashListeningEnabled = false; jQuery.mobile.pushStateEnabled=false; }<\/script><!--\/noptimize--><div class=\"ecwid ecwid-SingleProduct-v2 ecwid-Product ecwid-Product-801551072 ecwid-SingleProduct-v2-centered\" itemscope itemtype=\"http:\/\/schema.org\/Product\" data-single-product-id=\"801551072\" id=\"ecwid-shopping-cart-ecwid_product-1\"><div itemtype=\"http:\/\/schema.org\/Offer\" itemscope itemprop=\"offers\"><div class=\"ecwid-productBrowser-price ecwid-price\" itemprop=\"price\"  data-spw-price-location=\"button\" content=\"16.53\"><div itemprop=\"priceCurrency\"><\/div><\/div><\/div><div customprop=\"addtobag\"><\/div><\/div> \t\t\t<!--noptimize-->\n\t\t\t<script data-cfasync=\"false\" data-no-optimize=\"1\" type=\"text\/javascript\">\n\t\t\twindow._xnext_initialization_scripts = window._xnext_initialization_scripts || [];\n\t\t\twindow._xnext_initialization_scripts.push({widgetType: 'Product', id: 'ecwid-shopping-cart-ecwid_product-1', arg: [\"display= price addtobag\",\"link=yes\",\"version=2\",\"show_border=\",\"show_price_on_button=1\",\"center_align=1\"]});\n\t\t\t<\/script>\n\t\t\t<!--\/noptimize-->\n\t\t\t<!-- END Ecwid Shopping Cart v 6.12.12 -->","protected":false},"excerpt":{"rendered":"","protected":false},"author":1,"featured_media":0,"parent":0,"menu_order":0,"comment_status":"closed","ping_status":"closed","template":"","meta":{"footnotes":""},"class_list":["post-676","page","type-page","status-publish","hentry"],"yoast_head":"<!-- This site is optimized with the Yoast SEO plugin v27.4 - https:\/\/yoast.com\/product\/yoast-seo-wordpress\/ -->\n<title>Cantari\u00f1a Villafranca Godello - Cantari\u00f1a Vinos de Familia<\/title>\n<meta name=\"robots\" content=\"index, follow, max-snippet:-1, max-image-preview:large, max-video-preview:-1\" \/>\n<link rel=\"canonical\" href=\"https:\/\/vinoscantarina.es\/index.php\/cantarina-villafranca-godello\/\" \/>\n<meta property=\"og:locale\" content=\"es_ES\" \/>\n<meta property=\"og:type\" content=\"article\" \/>\n<meta property=\"og:title\" content=\"Cantari\u00f1a Villafranca Godello - Cantari\u00f1a Vinos de Familia\" \/>\n<meta property=\"og:url\" content=\"https:\/\/vinoscantarina.es\/index.php\/cantarina-villafranca-godello\/\" \/>\n<meta property=\"og:site_name\" content=\"Cantari\u00f1a Vinos de Familia\" \/>\n<meta property=\"article:modified_time\" content=\"2025-12-09T13:25:31+00:00\" \/>\n<meta property=\"og:image\" content=\"https:\/\/vinoscantarina.es\/wp-content\/uploads\/2024\/12\/dibujovillafrancavector.png\" \/>\n\t<meta property=\"og:image:width\" content=\"2339\" \/>\n\t<meta property=\"og:image:height\" content=\"1654\" \/>\n\t<meta property=\"og:image:type\" content=\"image\/png\" \/>\n<meta name=\"twitter:label1\" content=\"Tiempo de lectura\" \/>\n\t<meta name=\"twitter:data1\" content=\"2 minutos\" \/>\n<script type=\"application\/ld+json\" class=\"yoast-schema-graph\">{\"@context\":\"https:\\\/\\\/schema.org\",\"@graph\":[{\"@type\":\"WebPage\",\"@id\":\"https:\\\/\\\/vinoscantarina.es\\\/index.php\\\/cantarina-villafranca-godello\\\/\",\"url\":\"https:\\\/\\\/vinoscantarina.es\\\/index.php\\\/cantarina-villafranca-godello\\\/\",\"name\":\"Cantari\u00f1a Villafranca Godello - Cantari\u00f1a Vinos de Familia\",\"isPartOf\":{\"@id\":\"https:\\\/\\\/vinoscantarina.es\\\/#website\"},\"primaryImageOfPage\":{\"@id\":\"https:\\\/\\\/vinoscantarina.es\\\/index.php\\\/cantarina-villafranca-godello\\\/#primaryimage\"},\"image\":{\"@id\":\"https:\\\/\\\/vinoscantarina.es\\\/index.php\\\/cantarina-villafranca-godello\\\/#primaryimage\"},\"thumbnailUrl\":\"https:\\\/\\\/vinoscantarina.es\\\/wp-content\\\/uploads\\\/2024\\\/12\\\/dibujovillafrancavector-1024x724.png\",\"datePublished\":\"2025-12-09T12:50:18+00:00\",\"dateModified\":\"2025-12-09T13:25:31+00:00\",\"breadcrumb\":{\"@id\":\"https:\\\/\\\/vinoscantarina.es\\\/index.php\\\/cantarina-villafranca-godello\\\/#breadcrumb\"},\"inLanguage\":\"es\",\"potentialAction\":[{\"@type\":\"ReadAction\",\"target\":[\"https:\\\/\\\/vinoscantarina.es\\\/index.php\\\/cantarina-villafranca-godello\\\/\"]}]},{\"@type\":\"ImageObject\",\"inLanguage\":\"es\",\"@id\":\"https:\\\/\\\/vinoscantarina.es\\\/index.php\\\/cantarina-villafranca-godello\\\/#primaryimage\",\"url\":\"https:\\\/\\\/vinoscantarina.es\\\/wp-content\\\/uploads\\\/2024\\\/12\\\/dibujovillafrancavector.png\",\"contentUrl\":\"https:\\\/\\\/vinoscantarina.es\\\/wp-content\\\/uploads\\\/2024\\\/12\\\/dibujovillafrancavector.png\",\"width\":2339,\"height\":1654},{\"@type\":\"BreadcrumbList\",\"@id\":\"https:\\\/\\\/vinoscantarina.es\\\/index.php\\\/cantarina-villafranca-godello\\\/#breadcrumb\",\"itemListElement\":[{\"@type\":\"ListItem\",\"position\":1,\"name\":\"Portada\",\"item\":\"https:\\\/\\\/vinoscantarina.es\\\/\"},{\"@type\":\"ListItem\",\"position\":2,\"name\":\"Cantari\u00f1a Villafranca Godello\"}]},{\"@type\":\"WebSite\",\"@id\":\"https:\\\/\\\/vinoscantarina.es\\\/#website\",\"url\":\"https:\\\/\\\/vinoscantarina.es\\\/\",\"name\":\"Cantari\u00f1a Vinos de Familia\",\"description\":\"Vinos del Bierzo, Vinos para Disfrutar\",\"publisher\":{\"@id\":\"https:\\\/\\\/vinoscantarina.es\\\/#organization\"},\"potentialAction\":[{\"@type\":\"SearchAction\",\"target\":{\"@type\":\"EntryPoint\",\"urlTemplate\":\"https:\\\/\\\/vinoscantarina.es\\\/?s={search_term_string}\"},\"query-input\":{\"@type\":\"PropertyValueSpecification\",\"valueRequired\":true,\"valueName\":\"search_term_string\"}}],\"inLanguage\":\"es\"},{\"@type\":\"Organization\",\"@id\":\"https:\\\/\\\/vinoscantarina.es\\\/#organization\",\"name\":\"Cantari\u00f1a Vinos de Familia\",\"url\":\"https:\\\/\\\/vinoscantarina.es\\\/\",\"logo\":{\"@type\":\"ImageObject\",\"inLanguage\":\"es\",\"@id\":\"https:\\\/\\\/vinoscantarina.es\\\/#\\\/schema\\\/logo\\\/image\\\/\",\"url\":\"https:\\\/\\\/vinoscantarina.es\\\/wp-content\\\/uploads\\\/2021\\\/05\\\/cropped-Cantarina.png\",\"contentUrl\":\"https:\\\/\\\/vinoscantarina.es\\\/wp-content\\\/uploads\\\/2021\\\/05\\\/cropped-Cantarina.png\",\"width\":250,\"height\":250,\"caption\":\"Cantari\u00f1a Vinos de Familia\"},\"image\":{\"@id\":\"https:\\\/\\\/vinoscantarina.es\\\/#\\\/schema\\\/logo\\\/image\\\/\"}}]}<\/script>\n<!-- \/ Yoast SEO plugin. -->","yoast_head_json":{"title":"Cantari\u00f1a Villafranca Godello - Cantari\u00f1a Vinos de Familia","robots":{"index":"index","follow":"follow","max-snippet":"max-snippet:-1","max-image-preview":"max-image-preview:large","max-video-preview":"max-video-preview:-1"},"canonical":"https:\/\/vinoscantarina.es\/index.php\/cantarina-villafranca-godello\/","og_locale":"es_ES","og_type":"article","og_title":"Cantari\u00f1a Villafranca Godello - Cantari\u00f1a Vinos de Familia","og_url":"https:\/\/vinoscantarina.es\/index.php\/cantarina-villafranca-godello\/","og_site_name":"Cantari\u00f1a Vinos de Familia","article_modified_time":"2025-12-09T13:25:31+00:00","og_image":[{"width":2339,"height":1654,"url":"https:\/\/vinoscantarina.es\/wp-content\/uploads\/2024\/12\/dibujovillafrancavector.png","type":"image\/png"}],"twitter_misc":{"Tiempo de lectura":"2 minutos"},"schema":{"@context":"https:\/\/schema.org","@graph":[{"@type":"WebPage","@id":"https:\/\/vinoscantarina.es\/index.php\/cantarina-villafranca-godello\/","url":"https:\/\/vinoscantarina.es\/index.php\/cantarina-villafranca-godello\/","name":"Cantari\u00f1a Villafranca Godello - Cantari\u00f1a Vinos de Familia","isPartOf":{"@id":"https:\/\/vinoscantarina.es\/#website"},"primaryImageOfPage":{"@id":"https:\/\/vinoscantarina.es\/index.php\/cantarina-villafranca-godello\/#primaryimage"},"image":{"@id":"https:\/\/vinoscantarina.es\/index.php\/cantarina-villafranca-godello\/#primaryimage"},"thumbnailUrl":"https:\/\/vinoscantarina.es\/wp-content\/uploads\/2024\/12\/dibujovillafrancavector-1024x724.png","datePublished":"2025-12-09T12:50:18+00:00","dateModified":"2025-12-09T13:25:31+00:00","breadcrumb":{"@id":"https:\/\/vinoscantarina.es\/index.php\/cantarina-villafranca-godello\/#breadcrumb"},"inLanguage":"es","potentialAction":[{"@type":"ReadAction","target":["https:\/\/vinoscantarina.es\/index.php\/cantarina-villafranca-godello\/"]}]},{"@type":"ImageObject","inLanguage":"es","@id":"https:\/\/vinoscantarina.es\/index.php\/cantarina-villafranca-godello\/#primaryimage","url":"https:\/\/vinoscantarina.es\/wp-content\/uploads\/2024\/12\/dibujovillafrancavector.png","contentUrl":"https:\/\/vinoscantarina.es\/wp-content\/uploads\/2024\/12\/dibujovillafrancavector.png","width":2339,"height":1654},{"@type":"BreadcrumbList","@id":"https:\/\/vinoscantarina.es\/index.php\/cantarina-villafranca-godello\/#breadcrumb","itemListElement":[{"@type":"ListItem","position":1,"name":"Portada","item":"https:\/\/vinoscantarina.es\/"},{"@type":"ListItem","position":2,"name":"Cantari\u00f1a Villafranca Godello"}]},{"@type":"WebSite","@id":"https:\/\/vinoscantarina.es\/#website","url":"https:\/\/vinoscantarina.es\/","name":"Cantari\u00f1a Vinos de Familia","description":"Vinos del Bierzo, Vinos para Disfrutar","publisher":{"@id":"https:\/\/vinoscantarina.es\/#organization"},"potentialAction":[{"@type":"SearchAction","target":{"@type":"EntryPoint","urlTemplate":"https:\/\/vinoscantarina.es\/?s={search_term_string}"},"query-input":{"@type":"PropertyValueSpecification","valueRequired":true,"valueName":"search_term_string"}}],"inLanguage":"es"},{"@type":"Organization","@id":"https:\/\/vinoscantarina.es\/#organization","name":"Cantari\u00f1a Vinos de Familia","url":"https:\/\/vinoscantarina.es\/","logo":{"@type":"ImageObject","inLanguage":"es","@id":"https:\/\/vinoscantarina.es\/#\/schema\/logo\/image\/","url":"https:\/\/vinoscantarina.es\/wp-content\/uploads\/2021\/05\/cropped-Cantarina.png","contentUrl":"https:\/\/vinoscantarina.es\/wp-content\/uploads\/2021\/05\/cropped-Cantarina.png","width":250,"height":250,"caption":"Cantari\u00f1a Vinos de Familia"},"image":{"@id":"https:\/\/vinoscantarina.es\/#\/schema\/logo\/image\/"}}]}},"_links":{"self":[{"href":"https:\/\/vinoscantarina.es\/index.php\/wp-json\/wp\/v2\/pages\/676","targetHints":{"allow":["GET"]}}],"collection":[{"href":"https:\/\/vinoscantarina.es\/index.php\/wp-json\/wp\/v2\/pages"}],"about":[{"href":"https:\/\/vinoscantarina.es\/index.php\/wp-json\/wp\/v2\/types\/page"}],"author":[{"embeddable":true,"href":"https:\/\/vinoscantarina.es\/index.php\/wp-json\/wp\/v2\/users\/1"}],"replies":[{"embeddable":true,"href":"https:\/\/vinoscantarina.es\/index.php\/wp-json\/wp\/v2\/comments?post=676"}],"version-history":[{"count":6,"href":"https:\/\/vinoscantarina.es\/index.php\/wp-json\/wp\/v2\/pages\/676\/revisions"}],"predecessor-version":[{"id":692,"href":"https:\/\/vinoscantarina.es\/index.php\/wp-json\/wp\/v2\/pages\/676\/revisions\/692"}],"wp:attachment":[{"href":"https:\/\/vinoscantarina.es\/index.php\/wp-json\/wp\/v2\/media?parent=676"}],"curies":[{"name":"wp","href":"https:\/\/api.w.org\/{rel}","templated":true}]}}